{"id":11778,"date":"2023-12-21T18:27:43","date_gmt":"2023-12-21T17:27:43","guid":{"rendered":"https:\/\/cpacorporateservices.dev.sharenow.it\/responsabilidad-social-empresarial\/"},"modified":"2026-04-14T12:30:07","modified_gmt":"2026-04-14T10:30:07","slug":"responsabilidad-social-empresarial","status":"publish","type":"page","link":"https:\/\/www.cpacorporateservices.com\/es\/responsabilidad-social-empresarial\/","title":{"rendered":"Responsabilidad Social Empresarial"},"content":{"rendered":"\n<div class=\"et_pb_section_0 et_pb_section et_section_regular et_block_section\"><div class=\"et_pb_row_0 et_pb_row et_block_row\"><div class=\"et_pb_column_0 et_pb_column et_pb_column_4_4 et-last-child et_block_column et_pb_css_mix_blend_mode_passthrough\"><div class=\"et_pb_text_0 et_pb_text et_pb_bg_layout_light et_pb_module et_block_module\"><div class=\"et_pb_text_inner\"><p style=\"text-align: center;\"><span><span><a href=\"https:\/\/www.cpacorporateservices.com\/es\/\">Home<\/a><\/span><\/span><\/p>\n<\/div><\/div><div class=\"et_pb_text_1 et_pb_text et_pb_bg_layout_light et_pb_module et_block_module\"><div class=\"et_pb_text_inner\"><h1 style=\"text-align: center;\">responsabilidad social empresarial<\/h1>\n<\/div><\/div><\/div><\/div><\/div><div class=\"et_pb_section_1 et_pb_section et_section_regular et_block_section\"><div class=\"et_pb_row_1 et_pb_row et_block_row\"><div class=\"et_pb_column_1 et_pb_column et_pb_column_3_5 et_block_column et_pb_css_mix_blend_mode_passthrough\"><div class=\"et_pb_divider_0 et_pb_divider et_pb_space et_pb_divider_position_top et_animated et_pb_module\"><div class=\"et_pb_divider_internal\"><\/div><\/div><div class=\"et_pb_text_2 et_pb_text et_pb_bg_layout_light et_pb_module et_block_module\"><div class=\"et_pb_text_inner\"><h2 class=\"main-title bigTitle\" id=\"mission-di-riduzione-degli-sprechi-alimentari\">Declaraci\u00f3n de misi\u00f3n de la RSE<\/h2>\n<p>&nbsp;<\/p>\n<p>En CPA Corporate Services, nos comprometemos a tener un impacto positivo en la sociedad y en el medio ambiente. Creemos que, como ciudadanos y empresarios responsables, tenemos el deber de contribuir al bienestar de las comunidades que servimos y de mejorar el mundo en el que vivimos. Nuestras iniciativas de RSE se centran en diversas \u00e1reas clave:<\/p>\n<p><strong><u>Sostenibilidad Ambiental<\/u><\/strong><br \/>Nos comprometemos a minimizar nuestra huella ambiental y promover la sostenibilidad. A trav\u00e9s de nuestras iniciativas, buscamos reducir el consumo de energ\u00eda, optimizar la gesti\u00f3n de residuos y adoptar pr\u00e1cticas respetuosas con el medio ambiente en todas nuestras actividades. Apoyamos activamente las fuentes de energ\u00eda renovable y nos esforzamos por utilizar materiales sostenibles en nuestros procesos.<\/p>\n<p><strong><u>Compromiso con la Comunidad<\/u><\/strong><br \/>Valoramos las comunidades en las que operamos y nos comprometemos activamente en iniciativas que contribuyen a su desarrollo y bienestar. Se alienta a nuestros profesionales a dedicar su tiempo y habilidades a organizaciones locales de voluntarios. Tambi\u00e9n colaboramos con socios institucionales para abordar cuestiones sociales, apoyar programas educativos y fomentar el crecimiento econ\u00f3mico sostenible.<\/p>\n<p><strong><u>Bienestar de los Recursos<\/u><\/strong><br \/>Creemos que nuestros recursos humanos son nuestro activo m\u00e1s valioso. Priorizamos su bienestar promoviendo un entorno de trabajo organizado y agradable, ofrecemos beneficios y fomentamos la conciliaci\u00f3n familiar. Adem\u00e1s, siempre brindamos oportunidades de desarrollo y crecimiento profesional a trav\u00e9s de cursos de actualizaci\u00f3n y programas de formaci\u00f3n continua con instituciones educativas de reconocido prestigio.<\/p>\n<p><strong><u>Pr\u00e1cticas Comerciales \u00c9ticas<\/u><\/strong><br \/>La integridad est\u00e1 en el centro de todo lo que hacemos. Conducimos nuestro negocio con los m\u00e1s altos est\u00e1ndares \u00e9ticos, garantizando equidad, transparencia y responsabilidad. Abrazamos la diversidad y la inclusi\u00f3n, promoviendo la igualdad de oportunidades para todos. Nuestro compromiso con una conducta \u00e9tica se extiende tambi\u00e9n a nuestros colaboradores y proveedores, priorizando pr\u00e1cticas de comercio justo y el respeto a los derechos humanos.<\/p>\n<p><strong><u>Medici\u00f3n y Reporte<\/u><\/strong><br \/>Creemos en la transparencia y la responsabilidad. Medimos e informamos regularmente sobre nuestras actividades y progresos en materia de RSE. Estableciendo objetivos medibles y monitoreando nuestros resultados, garantizamos una mejora continua de nuestras pr\u00e1cticas de RSE.<\/p>\n<p><strong><u>\u00danete<\/u><\/strong><br \/>Te invitamos a participar en nuestras iniciativas de RSE. Ya sea que representes a organizaciones institucionales o privadas, o incluso si eres simplemente un ciudadano de nuestra comunidad, hay diversas formas de colaborar y tener un impacto positivo juntos. Cont\u00e1ctanos para obtener m\u00e1s informaci\u00f3n, explorar oportunidades de colaboraci\u00f3n o participar en nuestros programas de voluntariado. Integrando la responsabilidad social empresarial en nuestros valores fundamentales, nos esforzamos por crear un futuro sostenible y ser una fuerza positiva de cambio. Juntos, podemos marcar la diferencia.<\/p>\n<\/div><\/div><\/div><div class=\"et_pb_column_2 et_pb_column et_pb_column_2_5 et-last-child et_block_column et_pb_css_mix_blend_mode_passthrough\"><div class=\"et_pb_image_0 et_pb_image et_pb_module et_block_module\"><span class=\"et_pb_image_wrap\"><img loading=\"lazy\" decoding=\"async\" src=\"https:\/\/www.cpacorporateservices.com\/wp-content\/uploads\/2023\/12\/Responsabilita-sociale-impresa.jpg\" width=\"658\" height=\"1000\" srcset=\"https:\/\/www.cpacorporateservices.com\/wp-content\/uploads\/2023\/12\/Responsabilita-sociale-impresa.jpg 658w, https:\/\/www.cpacorporateservices.com\/wp-content\/uploads\/2023\/12\/Responsabilita-sociale-impresa-480x729.jpg 480w\" sizes=\"(min-width: 0px) and (max-width: 480px) 480px, (min-width: 481px) 658px, 100vw\" class=\"wp-image-11143\" title=\"Executive,Press,Virtual,Screen-&quot;social,Responsibility,Word,Cloud,Arrangement&quot;\" alt=\"PASTICCERIA STAZIONE CENTRALE MILANO - PASTICCERIA STORICA ROVIDA\" \/><\/span><\/div><div class=\"et_pb_module et_pb_button_module_wrapper et_pb_button_0_wrapper\"><a class=\"et_pb_button_0 et_pb_button et_pb_bg_layout_light et_pb_module et_block_module\" href=\"#escribenos\">\u00bfTe gustar\u00eda saber m\u00e1s?<\/a><\/div><\/div><\/div><\/div>\n","protected":false},"excerpt":{"rendered":"","protected":false},"author":4,"featured_media":11734,"parent":0,"menu_order":0,"comment_status":"closed","ping_status":"closed","template":"","meta":{"footnotes":""},"class_list":["post-11778","page","type-page","status-publish","has-post-thumbnail","hentry"],"yoast_head":"<!-- This site is optimized with the Yoast SEO plugin v27.4 - https:\/\/yoast.com\/product\/yoast-seo-wordpress\/ -->\n<title>Responsabilidad Social Empresarial - CPA Corporate Services<\/title>\n<meta name=\"robots\" content=\"index, follow, max-snippet:-1, max-image-preview:large, max-video-preview:-1\" \/>\n<link rel=\"canonical\" href=\"https:\/\/www.cpacorporateservices.com\/es\/responsabilidad-social-empresarial\/\" \/>\n<meta property=\"og:locale\" content=\"es_ES\" \/>\n<meta property=\"og:type\" content=\"article\" \/>\n<meta property=\"og:title\" content=\"Responsabilidad Social Empresarial - CPA Corporate Services\" \/>\n<meta property=\"og:url\" content=\"https:\/\/www.cpacorporateservices.com\/es\/responsabilidad-social-empresarial\/\" \/>\n<meta property=\"og:site_name\" content=\"CPA Corporate Services\" \/>\n<meta property=\"article:publisher\" content=\"https:\/\/www.facebook.com\/CPAcorporateservices\/\" \/>\n<meta property=\"article:modified_time\" content=\"2026-04-14T10:30:07+00:00\" \/>\n<meta property=\"og:image\" content=\"https:\/\/www.cpacorporateservices.com\/wp-content\/uploads\/2023\/12\/CSR.jpg\" \/>\n\t<meta property=\"og:image:width\" content=\"1920\" \/>\n\t<meta property=\"og:image:height\" content=\"1280\" \/>\n\t<meta property=\"og:image:type\" content=\"image\/jpeg\" \/>\n<meta name=\"twitter:card\" content=\"summary_large_image\" \/>\n<script type=\"application\/ld+json\" class=\"yoast-schema-graph\">{\"@context\":\"https:\\\/\\\/schema.org\",\"@graph\":[{\"@type\":\"WebPage\",\"@id\":\"https:\\\/\\\/www.cpacorporateservices.com\\\/es\\\/responsabilidad-social-empresarial\\\/\",\"url\":\"https:\\\/\\\/www.cpacorporateservices.com\\\/es\\\/responsabilidad-social-empresarial\\\/\",\"name\":\"Responsabilidad Social Empresarial - CPA Corporate Services\",\"isPartOf\":{\"@id\":\"https:\\\/\\\/www.cpacorporateservices.com\\\/es\\\/#website\"},\"primaryImageOfPage\":{\"@id\":\"https:\\\/\\\/www.cpacorporateservices.com\\\/es\\\/responsabilidad-social-empresarial\\\/#primaryimage\"},\"image\":{\"@id\":\"https:\\\/\\\/www.cpacorporateservices.com\\\/es\\\/responsabilidad-social-empresarial\\\/#primaryimage\"},\"thumbnailUrl\":\"https:\\\/\\\/www.cpacorporateservices.com\\\/wp-content\\\/uploads\\\/2023\\\/12\\\/CSR.jpg\",\"datePublished\":\"2023-12-21T17:27:43+00:00\",\"dateModified\":\"2026-04-14T10:30:07+00:00\",\"breadcrumb\":{\"@id\":\"https:\\\/\\\/www.cpacorporateservices.com\\\/es\\\/responsabilidad-social-empresarial\\\/#breadcrumb\"},\"inLanguage\":\"es\",\"potentialAction\":[{\"@type\":\"ReadAction\",\"target\":[\"https:\\\/\\\/www.cpacorporateservices.com\\\/es\\\/responsabilidad-social-empresarial\\\/\"]}]},{\"@type\":\"ImageObject\",\"inLanguage\":\"es\",\"@id\":\"https:\\\/\\\/www.cpacorporateservices.com\\\/es\\\/responsabilidad-social-empresarial\\\/#primaryimage\",\"url\":\"https:\\\/\\\/www.cpacorporateservices.com\\\/wp-content\\\/uploads\\\/2023\\\/12\\\/CSR.jpg\",\"contentUrl\":\"https:\\\/\\\/www.cpacorporateservices.com\\\/wp-content\\\/uploads\\\/2023\\\/12\\\/CSR.jpg\",\"width\":1920,\"height\":1280},{\"@type\":\"BreadcrumbList\",\"@id\":\"https:\\\/\\\/www.cpacorporateservices.com\\\/es\\\/responsabilidad-social-empresarial\\\/#breadcrumb\",\"itemListElement\":[{\"@type\":\"ListItem\",\"position\":1,\"name\":\"Home\",\"item\":\"https:\\\/\\\/www.cpacorporateservices.com\\\/es\\\/\"},{\"@type\":\"ListItem\",\"position\":2,\"name\":\"Responsabilidad Social Empresarial\"}]},{\"@type\":\"WebSite\",\"@id\":\"https:\\\/\\\/www.cpacorporateservices.com\\\/es\\\/#website\",\"url\":\"https:\\\/\\\/www.cpacorporateservices.com\\\/es\\\/\",\"name\":\"CPA Corporate Services\",\"description\":\"A MANAGERIAL APPROACH TO CONSULTING\",\"publisher\":{\"@id\":\"https:\\\/\\\/www.cpacorporateservices.com\\\/es\\\/#organization\"},\"potentialAction\":[{\"@type\":\"SearchAction\",\"target\":{\"@type\":\"EntryPoint\",\"urlTemplate\":\"https:\\\/\\\/www.cpacorporateservices.com\\\/es\\\/?s={search_term_string}\"},\"query-input\":{\"@type\":\"PropertyValueSpecification\",\"valueRequired\":true,\"valueName\":\"search_term_string\"}}],\"inLanguage\":\"es\"},{\"@type\":\"Organization\",\"@id\":\"https:\\\/\\\/www.cpacorporateservices.com\\\/es\\\/#organization\",\"name\":\"CPA Corporate Services\",\"url\":\"https:\\\/\\\/www.cpacorporateservices.com\\\/es\\\/\",\"logo\":{\"@type\":\"ImageObject\",\"inLanguage\":\"es\",\"@id\":\"https:\\\/\\\/www.cpacorporateservices.com\\\/es\\\/#\\\/schema\\\/logo\\\/image\\\/\",\"url\":\"https:\\\/\\\/www.cpacorporateservices.com\\\/wp-content\\\/uploads\\\/2018\\\/11\\\/logo-cpa-web.png\",\"contentUrl\":\"https:\\\/\\\/www.cpacorporateservices.com\\\/wp-content\\\/uploads\\\/2018\\\/11\\\/logo-cpa-web.png\",\"width\":900,\"height\":533,\"caption\":\"CPA Corporate Services\"},\"image\":{\"@id\":\"https:\\\/\\\/www.cpacorporateservices.com\\\/es\\\/#\\\/schema\\\/logo\\\/image\\\/\"},\"sameAs\":[\"https:\\\/\\\/www.facebook.com\\\/CPAcorporateservices\\\/\",\"https:\\\/\\\/es.linkedin.com\\\/company\\\/cpa-corporate-services\"]}]}<\/script>\n<!-- \/ Yoast SEO plugin. -->","yoast_head_json":{"title":"Responsabilidad Social Empresarial - CPA Corporate Services","robots":{"index":"index","follow":"follow","max-snippet":"max-snippet:-1","max-image-preview":"max-image-preview:large","max-video-preview":"max-video-preview:-1"},"canonical":"https:\/\/www.cpacorporateservices.com\/es\/responsabilidad-social-empresarial\/","og_locale":"es_ES","og_type":"article","og_title":"Responsabilidad Social Empresarial - CPA Corporate Services","og_url":"https:\/\/www.cpacorporateservices.com\/es\/responsabilidad-social-empresarial\/","og_site_name":"CPA Corporate Services","article_publisher":"https:\/\/www.facebook.com\/CPAcorporateservices\/","article_modified_time":"2026-04-14T10:30:07+00:00","og_image":[{"width":1920,"height":1280,"url":"https:\/\/www.cpacorporateservices.com\/wp-content\/uploads\/2023\/12\/CSR.jpg","type":"image\/jpeg"}],"twitter_card":"summary_large_image","schema":{"@context":"https:\/\/schema.org","@graph":[{"@type":"WebPage","@id":"https:\/\/www.cpacorporateservices.com\/es\/responsabilidad-social-empresarial\/","url":"https:\/\/www.cpacorporateservices.com\/es\/responsabilidad-social-empresarial\/","name":"Responsabilidad Social Empresarial - CPA Corporate Services","isPartOf":{"@id":"https:\/\/www.cpacorporateservices.com\/es\/#website"},"primaryImageOfPage":{"@id":"https:\/\/www.cpacorporateservices.com\/es\/responsabilidad-social-empresarial\/#primaryimage"},"image":{"@id":"https:\/\/www.cpacorporateservices.com\/es\/responsabilidad-social-empresarial\/#primaryimage"},"thumbnailUrl":"https:\/\/www.cpacorporateservices.com\/wp-content\/uploads\/2023\/12\/CSR.jpg","datePublished":"2023-12-21T17:27:43+00:00","dateModified":"2026-04-14T10:30:07+00:00","breadcrumb":{"@id":"https:\/\/www.cpacorporateservices.com\/es\/responsabilidad-social-empresarial\/#breadcrumb"},"inLanguage":"es","potentialAction":[{"@type":"ReadAction","target":["https:\/\/www.cpacorporateservices.com\/es\/responsabilidad-social-empresarial\/"]}]},{"@type":"ImageObject","inLanguage":"es","@id":"https:\/\/www.cpacorporateservices.com\/es\/responsabilidad-social-empresarial\/#primaryimage","url":"https:\/\/www.cpacorporateservices.com\/wp-content\/uploads\/2023\/12\/CSR.jpg","contentUrl":"https:\/\/www.cpacorporateservices.com\/wp-content\/uploads\/2023\/12\/CSR.jpg","width":1920,"height":1280},{"@type":"BreadcrumbList","@id":"https:\/\/www.cpacorporateservices.com\/es\/responsabilidad-social-empresarial\/#breadcrumb","itemListElement":[{"@type":"ListItem","position":1,"name":"Home","item":"https:\/\/www.cpacorporateservices.com\/es\/"},{"@type":"ListItem","position":2,"name":"Responsabilidad Social Empresarial"}]},{"@type":"WebSite","@id":"https:\/\/www.cpacorporateservices.com\/es\/#website","url":"https:\/\/www.cpacorporateservices.com\/es\/","name":"CPA Corporate Services","description":"A MANAGERIAL APPROACH TO CONSULTING","publisher":{"@id":"https:\/\/www.cpacorporateservices.com\/es\/#organization"},"potentialAction":[{"@type":"SearchAction","target":{"@type":"EntryPoint","urlTemplate":"https:\/\/www.cpacorporateservices.com\/es\/?s={search_term_string}"},"query-input":{"@type":"PropertyValueSpecification","valueRequired":true,"valueName":"search_term_string"}}],"inLanguage":"es"},{"@type":"Organization","@id":"https:\/\/www.cpacorporateservices.com\/es\/#organization","name":"CPA Corporate Services","url":"https:\/\/www.cpacorporateservices.com\/es\/","logo":{"@type":"ImageObject","inLanguage":"es","@id":"https:\/\/www.cpacorporateservices.com\/es\/#\/schema\/logo\/image\/","url":"https:\/\/www.cpacorporateservices.com\/wp-content\/uploads\/2018\/11\/logo-cpa-web.png","contentUrl":"https:\/\/www.cpacorporateservices.com\/wp-content\/uploads\/2018\/11\/logo-cpa-web.png","width":900,"height":533,"caption":"CPA Corporate Services"},"image":{"@id":"https:\/\/www.cpacorporateservices.com\/es\/#\/schema\/logo\/image\/"},"sameAs":["https:\/\/www.facebook.com\/CPAcorporateservices\/","https:\/\/es.linkedin.com\/company\/cpa-corporate-services"]}]}},"_links":{"self":[{"href":"https:\/\/www.cpacorporateservices.com\/es\/wp-json\/wp\/v2\/pages\/11778","targetHints":{"allow":["GET"]}}],"collection":[{"href":"https:\/\/www.cpacorporateservices.com\/es\/wp-json\/wp\/v2\/pages"}],"about":[{"href":"https:\/\/www.cpacorporateservices.com\/es\/wp-json\/wp\/v2\/types\/page"}],"author":[{"embeddable":true,"href":"https:\/\/www.cpacorporateservices.com\/es\/wp-json\/wp\/v2\/users\/4"}],"replies":[{"embeddable":true,"href":"https:\/\/www.cpacorporateservices.com\/es\/wp-json\/wp\/v2\/comments?post=11778"}],"version-history":[{"count":16,"href":"https:\/\/www.cpacorporateservices.com\/es\/wp-json\/wp\/v2\/pages\/11778\/revisions"}],"predecessor-version":[{"id":13108,"href":"https:\/\/www.cpacorporateservices.com\/es\/wp-json\/wp\/v2\/pages\/11778\/revisions\/13108"}],"wp:featuredmedia":[{"embeddable":true,"href":"https:\/\/www.cpacorporateservices.com\/es\/wp-json\/wp\/v2\/media\/11734"}],"wp:attachment":[{"href":"https:\/\/www.cpacorporateservices.com\/es\/wp-json\/wp\/v2\/media?parent=11778"}],"curies":[{"name":"wp","href":"https:\/\/api.w.org\/{rel}","templated":true}]}}