{"id":11785,"date":"2023-12-21T19:04:48","date_gmt":"2023-12-21T18:04:48","guid":{"rendered":"https:\/\/cpacorporateservices.dev.sharenow.it\/partners-y-colaboradores\/"},"modified":"2026-04-27T10:22:46","modified_gmt":"2026-04-27T08:22:46","slug":"partners-y-colaboradores","status":"publish","type":"page","link":"https:\/\/www.cpacorporateservices.com\/es\/partners-y-colaboradores\/","title":{"rendered":"Partners y Colaboradores"},"content":{"rendered":"\n<div class=\"et_pb_section_0 et_pb_section et_section_regular et_block_section\"><div class=\"et_pb_row_0 et_pb_row et_block_row\"><div class=\"et_pb_column_0 et_pb_column et_pb_column_4_4 et-last-child et_block_column et_pb_css_mix_blend_mode_passthrough\"><div class=\"et_pb_text_0 et_pb_text et_pb_bg_layout_light et_pb_module et_block_module\"><div class=\"et_pb_text_inner\"><p style=\"text-align: center;\"><span><span><a href=\"https:\/\/www.cpacorporateservices.com\/es\/\">Home<\/a><\/span><\/span><\/p>\n<\/div><\/div><div class=\"et_pb_text_1 et_pb_text et_pb_bg_layout_light et_pb_module et_block_module\"><div class=\"et_pb_text_inner\"><h1 style=\"text-align: center;\">partners y colaboradores<\/h1>\n<\/div><\/div><\/div><\/div><\/div><div class=\"et_pb_section_1 et_pb_section et_section_regular et_block_section\"><div class=\"et_pb_row_1 et_pb_row et_block_row\"><div class=\"et_pb_column_1 et_pb_column et_pb_column_4_4 et-last-child et_block_column et_pb_css_mix_blend_mode_passthrough\"><div class=\"et_pb_divider_0 et_pb_divider et_pb_space et_pb_divider_position_top et_animated et_pb_module\"><div class=\"et_pb_divider_internal\"><\/div><\/div><div class=\"et_pb_text_2 et_pb_text et_pb_bg_layout_light et_pb_module et_block_module\"><div class=\"et_pb_text_inner\"><h2 class=\"x_MsoNormal\">PARTNERS Y COLABORADORES<\/h2>\n<p>En CPA Corporate Services, creemos en el poder de las colaboraciones y partnerships. Nos enorgullece respaldar a organizaciones destacadas en Espa\u00f1a e Italia que comparten nuestros valores y visi\u00f3n. Creemos en la necesidad de construir relaciones s\u00f3lidas dentro de la comunidad empresarial. Por esta raz\u00f3n, somos miembros activos de las siguientes instituciones:<\/p>\n<p>&nbsp;<\/p>\n<h3><a href=\"https:\/\/www.casaitaliani.com\/it\/default.asp\">CASA DEGLI ITALIANI DI BARCELONA<\/a><span> <\/span>&amp;<span> <\/span><a href=\"https:\/\/www.cameraitalianabarcelona.com\/\">CAMERA ITALIANA BARCELONA<\/a><\/h3>\n<p>La Casa de los Italianos de Barcelona y la C\u00e1mara Italiana de Barcelona son dos centros culturales italianos importantes ubicados en Barcelona. Como referentes de la comunidad italiana en Barcelona, la Casa de los Italianos de Barcelona y la C\u00e1mara Italiana de Barcelona aportan una amplia experiencia cultural y una extensa red de contactos dentro de la comunidad. Juntas, promueven el intercambio cultural, respaldan a las empresas italianas y fortalecen los lazos entre Italia y Espa\u00f1a. Reconociendo su valor y papel fundamental, en CPA Corporate Services somos socios corporativos de ambas instituciones.<\/p>\n<p>&nbsp;<\/p>\n<h3 class=\"x_MsoListParagraph x_ContentPasted0\"><a class=\"x_ContentPasted0\" href=\"https:\/\/www.cameraitalianabarcelona.com\/\" target=\"_blank\" rel=\"noopener noreferrer\" data-auth=\"NotApplicable\">CAMERA DI COMMERCIO DI SPAGNA IN ITALIA <\/a><\/h3>\n<p>La C\u00e1mara de Comercio de Espa\u00f1a en Italia, a su vez, es una entidad institucional importante y estrat\u00e9gica del gobierno espa\u00f1ol en territorio italiano. La C\u00e1mara de Comercio de Espa\u00f1a en Italia aporta una gran experiencia comercial y una extensa red de contactos dentro de la comunidad italiana y la comunidad espa\u00f1ola en Italia. Promueve el comercio, apoya a las empresas espa\u00f1olas en Italia y fortalece los lazos entre Italia y Espa\u00f1a.<br \/>Reconociendo su valor y el papel fundamental de la C\u00e1mara de Comercio Espa\u00f1ola en Italia en CPA Corporate Services, apoyamos a los miembros de la organizaci\u00f3n y participamos activamente en todas sus actividades.<\/p>\n<\/div><\/div><\/div><\/div><div class=\"et_pb_row_2 et_pb_row et_block_row\"><div class=\"et_pb_column_2 et_pb_column et_pb_column_1_3 et_block_column et_pb_css_mix_blend_mode_passthrough\"><div class=\"et_pb_image_0 et_pb_image et_pb_module et_block_module\"><span class=\"et_pb_image_wrap\"><img loading=\"lazy\" decoding=\"async\" src=\"https:\/\/www.cpacorporateservices.com\/wp-content\/uploads\/2023\/06\/logo-casaitaliani-high-4.png\" width=\"500\" height=\"242\" srcset=\"https:\/\/www.cpacorporateservices.com\/wp-content\/uploads\/2023\/06\/logo-casaitaliani-high-4.png 500w, https:\/\/www.cpacorporateservices.com\/wp-content\/uploads\/2023\/06\/logo-casaitaliani-high-4-480x232.png 480w\" sizes=\"(min-width: 0px) and (max-width: 480px) 480px, (min-width: 481px) 500px, 100vw\" class=\"wp-image-10929\" title=\"logo-casaitaliani-high\" \/><\/span><\/div><\/div><div class=\"et_pb_column_3 et_pb_column et_pb_column_1_3 et_block_column et_pb_css_mix_blend_mode_passthrough\"><div class=\"et_pb_image_1 et_pb_image et_pb_module et_block_module\"><span class=\"et_pb_image_wrap\"><img loading=\"lazy\" decoding=\"async\" src=\"https:\/\/www.cpacorporateservices.com\/wp-content\/uploads\/2023\/06\/Logo-Camera-ITA-sfondo-trasparente-copia.png\" width=\"1160\" height=\"527\" srcset=\"https:\/\/www.cpacorporateservices.com\/wp-content\/uploads\/2023\/06\/Logo-Camera-ITA-sfondo-trasparente-copia.png 1160w, https:\/\/www.cpacorporateservices.com\/wp-content\/uploads\/2023\/06\/Logo-Camera-ITA-sfondo-trasparente-copia-980x445.png 980w, https:\/\/www.cpacorporateservices.com\/wp-content\/uploads\/2023\/06\/Logo-Camera-ITA-sfondo-trasparente-copia-480x218.png 480w\" sizes=\"(min-width: 0px) and (max-width: 480px) 480px, (min-width: 481px) and (max-width: 980px) 980px, (min-width: 981px) 1160px, 100vw\" class=\"wp-image-10927\" title=\"Logo Camera ITA- sfondo trasparente - copia\" \/><\/span><\/div><\/div><div class=\"et_pb_column_4 et_pb_column et_pb_column_1_3 et-last-child et_block_column et_pb_css_mix_blend_mode_passthrough\"><div class=\"et_pb_image_2 et_pb_image et_pb_module et_block_module\"><span class=\"et_pb_image_wrap\"><img loading=\"lazy\" decoding=\"async\" src=\"https:\/\/www.cpacorporateservices.com\/wp-content\/uploads\/2023\/06\/camara_comercio_espana-1.jpg\" width=\"280\" height=\"150\" srcset=\"https:\/\/www.cpacorporateservices.com\/wp-content\/uploads\/2023\/06\/camara_comercio_espana-1.jpg 280w\" sizes=\"(max-width: 280px) 100vw, 280px\" class=\"wp-image-10923\" title=\"camara_comercio_espana\" \/><\/span><\/div><\/div><\/div><\/div>\n","protected":false},"excerpt":{"rendered":"","protected":false},"author":4,"featured_media":11730,"parent":0,"menu_order":0,"comment_status":"closed","ping_status":"closed","template":"","meta":{"footnotes":""},"class_list":["post-11785","page","type-page","status-publish","has-post-thumbnail","hentry"],"yoast_head":"<!-- This site is optimized with the Yoast SEO plugin v27.6 - https:\/\/yoast.com\/product\/yoast-seo-wordpress\/ -->\n<title>Partners y Colaboradores - CPA Corporate Services<\/title>\n<meta name=\"robots\" content=\"index, follow, max-snippet:-1, max-image-preview:large, max-video-preview:-1\" \/>\n<link rel=\"canonical\" href=\"https:\/\/www.cpacorporateservices.com\/es\/partners-y-colaboradores\/\" \/>\n<meta property=\"og:locale\" content=\"es_ES\" \/>\n<meta property=\"og:type\" content=\"article\" \/>\n<meta property=\"og:title\" content=\"Partners y Colaboradores - CPA Corporate Services\" \/>\n<meta property=\"og:url\" content=\"https:\/\/www.cpacorporateservices.com\/es\/partners-y-colaboradores\/\" \/>\n<meta property=\"og:site_name\" content=\"CPA Corporate Services\" \/>\n<meta property=\"article:publisher\" content=\"https:\/\/www.facebook.com\/CPAcorporateservices\/\" \/>\n<meta property=\"article:modified_time\" content=\"2026-04-27T08:22:46+00:00\" \/>\n<meta property=\"og:image\" content=\"https:\/\/www.cpacorporateservices.com\/wp-content\/uploads\/2023\/12\/Business-meeting.jpg\" \/>\n\t<meta property=\"og:image:width\" content=\"1920\" \/>\n\t<meta property=\"og:image:height\" content=\"1280\" \/>\n\t<meta property=\"og:image:type\" content=\"image\/jpeg\" \/>\n<meta name=\"twitter:card\" content=\"summary_large_image\" \/>\n<script type=\"application\/ld+json\" class=\"yoast-schema-graph\">{\"@context\":\"https:\\\/\\\/schema.org\",\"@graph\":[{\"@type\":\"WebPage\",\"@id\":\"https:\\\/\\\/www.cpacorporateservices.com\\\/es\\\/partners-y-colaboradores\\\/\",\"url\":\"https:\\\/\\\/www.cpacorporateservices.com\\\/es\\\/partners-y-colaboradores\\\/\",\"name\":\"Partners y Colaboradores - CPA Corporate Services\",\"isPartOf\":{\"@id\":\"https:\\\/\\\/www.cpacorporateservices.com\\\/es\\\/#website\"},\"primaryImageOfPage\":{\"@id\":\"https:\\\/\\\/www.cpacorporateservices.com\\\/es\\\/partners-y-colaboradores\\\/#primaryimage\"},\"image\":{\"@id\":\"https:\\\/\\\/www.cpacorporateservices.com\\\/es\\\/partners-y-colaboradores\\\/#primaryimage\"},\"thumbnailUrl\":\"https:\\\/\\\/www.cpacorporateservices.com\\\/wp-content\\\/uploads\\\/2023\\\/12\\\/Business-meeting.jpg\",\"datePublished\":\"2023-12-21T18:04:48+00:00\",\"dateModified\":\"2026-04-27T08:22:46+00:00\",\"breadcrumb\":{\"@id\":\"https:\\\/\\\/www.cpacorporateservices.com\\\/es\\\/partners-y-colaboradores\\\/#breadcrumb\"},\"inLanguage\":\"es\",\"potentialAction\":[{\"@type\":\"ReadAction\",\"target\":[\"https:\\\/\\\/www.cpacorporateservices.com\\\/es\\\/partners-y-colaboradores\\\/\"]}]},{\"@type\":\"ImageObject\",\"inLanguage\":\"es\",\"@id\":\"https:\\\/\\\/www.cpacorporateservices.com\\\/es\\\/partners-y-colaboradores\\\/#primaryimage\",\"url\":\"https:\\\/\\\/www.cpacorporateservices.com\\\/wp-content\\\/uploads\\\/2023\\\/12\\\/Business-meeting.jpg\",\"contentUrl\":\"https:\\\/\\\/www.cpacorporateservices.com\\\/wp-content\\\/uploads\\\/2023\\\/12\\\/Business-meeting.jpg\",\"width\":1920,\"height\":1280},{\"@type\":\"BreadcrumbList\",\"@id\":\"https:\\\/\\\/www.cpacorporateservices.com\\\/es\\\/partners-y-colaboradores\\\/#breadcrumb\",\"itemListElement\":[{\"@type\":\"ListItem\",\"position\":1,\"name\":\"Home\",\"item\":\"https:\\\/\\\/www.cpacorporateservices.com\\\/es\\\/\"},{\"@type\":\"ListItem\",\"position\":2,\"name\":\"Partners y Colaboradores\"}]},{\"@type\":\"WebSite\",\"@id\":\"https:\\\/\\\/www.cpacorporateservices.com\\\/es\\\/#website\",\"url\":\"https:\\\/\\\/www.cpacorporateservices.com\\\/es\\\/\",\"name\":\"CPA Corporate Services\",\"description\":\"A MANAGERIAL APPROACH TO CONSULTING\",\"publisher\":{\"@id\":\"https:\\\/\\\/www.cpacorporateservices.com\\\/es\\\/#organization\"},\"potentialAction\":[{\"@type\":\"SearchAction\",\"target\":{\"@type\":\"EntryPoint\",\"urlTemplate\":\"https:\\\/\\\/www.cpacorporateservices.com\\\/es\\\/?s={search_term_string}\"},\"query-input\":{\"@type\":\"PropertyValueSpecification\",\"valueRequired\":true,\"valueName\":\"search_term_string\"}}],\"inLanguage\":\"es\"},{\"@type\":\"Organization\",\"@id\":\"https:\\\/\\\/www.cpacorporateservices.com\\\/es\\\/#organization\",\"name\":\"CPA Corporate Services\",\"url\":\"https:\\\/\\\/www.cpacorporateservices.com\\\/es\\\/\",\"logo\":{\"@type\":\"ImageObject\",\"inLanguage\":\"es\",\"@id\":\"https:\\\/\\\/www.cpacorporateservices.com\\\/es\\\/#\\\/schema\\\/logo\\\/image\\\/\",\"url\":\"https:\\\/\\\/www.cpacorporateservices.com\\\/wp-content\\\/uploads\\\/2018\\\/11\\\/logo-cpa-web.png\",\"contentUrl\":\"https:\\\/\\\/www.cpacorporateservices.com\\\/wp-content\\\/uploads\\\/2018\\\/11\\\/logo-cpa-web.png\",\"width\":900,\"height\":533,\"caption\":\"CPA Corporate Services\"},\"image\":{\"@id\":\"https:\\\/\\\/www.cpacorporateservices.com\\\/es\\\/#\\\/schema\\\/logo\\\/image\\\/\"},\"sameAs\":[\"https:\\\/\\\/www.facebook.com\\\/CPAcorporateservices\\\/\",\"https:\\\/\\\/es.linkedin.com\\\/company\\\/cpa-corporate-services\"]}]}<\/script>\n<!-- \/ Yoast SEO plugin. -->","yoast_head_json":{"title":"Partners y Colaboradores - CPA Corporate Services","robots":{"index":"index","follow":"follow","max-snippet":"max-snippet:-1","max-image-preview":"max-image-preview:large","max-video-preview":"max-video-preview:-1"},"canonical":"https:\/\/www.cpacorporateservices.com\/es\/partners-y-colaboradores\/","og_locale":"es_ES","og_type":"article","og_title":"Partners y Colaboradores - CPA Corporate Services","og_url":"https:\/\/www.cpacorporateservices.com\/es\/partners-y-colaboradores\/","og_site_name":"CPA Corporate Services","article_publisher":"https:\/\/www.facebook.com\/CPAcorporateservices\/","article_modified_time":"2026-04-27T08:22:46+00:00","og_image":[{"width":1920,"height":1280,"url":"https:\/\/www.cpacorporateservices.com\/wp-content\/uploads\/2023\/12\/Business-meeting.jpg","type":"image\/jpeg"}],"twitter_card":"summary_large_image","schema":{"@context":"https:\/\/schema.org","@graph":[{"@type":"WebPage","@id":"https:\/\/www.cpacorporateservices.com\/es\/partners-y-colaboradores\/","url":"https:\/\/www.cpacorporateservices.com\/es\/partners-y-colaboradores\/","name":"Partners y Colaboradores - CPA Corporate Services","isPartOf":{"@id":"https:\/\/www.cpacorporateservices.com\/es\/#website"},"primaryImageOfPage":{"@id":"https:\/\/www.cpacorporateservices.com\/es\/partners-y-colaboradores\/#primaryimage"},"image":{"@id":"https:\/\/www.cpacorporateservices.com\/es\/partners-y-colaboradores\/#primaryimage"},"thumbnailUrl":"https:\/\/www.cpacorporateservices.com\/wp-content\/uploads\/2023\/12\/Business-meeting.jpg","datePublished":"2023-12-21T18:04:48+00:00","dateModified":"2026-04-27T08:22:46+00:00","breadcrumb":{"@id":"https:\/\/www.cpacorporateservices.com\/es\/partners-y-colaboradores\/#breadcrumb"},"inLanguage":"es","potentialAction":[{"@type":"ReadAction","target":["https:\/\/www.cpacorporateservices.com\/es\/partners-y-colaboradores\/"]}]},{"@type":"ImageObject","inLanguage":"es","@id":"https:\/\/www.cpacorporateservices.com\/es\/partners-y-colaboradores\/#primaryimage","url":"https:\/\/www.cpacorporateservices.com\/wp-content\/uploads\/2023\/12\/Business-meeting.jpg","contentUrl":"https:\/\/www.cpacorporateservices.com\/wp-content\/uploads\/2023\/12\/Business-meeting.jpg","width":1920,"height":1280},{"@type":"BreadcrumbList","@id":"https:\/\/www.cpacorporateservices.com\/es\/partners-y-colaboradores\/#breadcrumb","itemListElement":[{"@type":"ListItem","position":1,"name":"Home","item":"https:\/\/www.cpacorporateservices.com\/es\/"},{"@type":"ListItem","position":2,"name":"Partners y Colaboradores"}]},{"@type":"WebSite","@id":"https:\/\/www.cpacorporateservices.com\/es\/#website","url":"https:\/\/www.cpacorporateservices.com\/es\/","name":"CPA Corporate Services","description":"A MANAGERIAL APPROACH TO CONSULTING","publisher":{"@id":"https:\/\/www.cpacorporateservices.com\/es\/#organization"},"potentialAction":[{"@type":"SearchAction","target":{"@type":"EntryPoint","urlTemplate":"https:\/\/www.cpacorporateservices.com\/es\/?s={search_term_string}"},"query-input":{"@type":"PropertyValueSpecification","valueRequired":true,"valueName":"search_term_string"}}],"inLanguage":"es"},{"@type":"Organization","@id":"https:\/\/www.cpacorporateservices.com\/es\/#organization","name":"CPA Corporate Services","url":"https:\/\/www.cpacorporateservices.com\/es\/","logo":{"@type":"ImageObject","inLanguage":"es","@id":"https:\/\/www.cpacorporateservices.com\/es\/#\/schema\/logo\/image\/","url":"https:\/\/www.cpacorporateservices.com\/wp-content\/uploads\/2018\/11\/logo-cpa-web.png","contentUrl":"https:\/\/www.cpacorporateservices.com\/wp-content\/uploads\/2018\/11\/logo-cpa-web.png","width":900,"height":533,"caption":"CPA Corporate Services"},"image":{"@id":"https:\/\/www.cpacorporateservices.com\/es\/#\/schema\/logo\/image\/"},"sameAs":["https:\/\/www.facebook.com\/CPAcorporateservices\/","https:\/\/es.linkedin.com\/company\/cpa-corporate-services"]}]}},"_links":{"self":[{"href":"https:\/\/www.cpacorporateservices.com\/es\/wp-json\/wp\/v2\/pages\/11785","targetHints":{"allow":["GET"]}}],"collection":[{"href":"https:\/\/www.cpacorporateservices.com\/es\/wp-json\/wp\/v2\/pages"}],"about":[{"href":"https:\/\/www.cpacorporateservices.com\/es\/wp-json\/wp\/v2\/types\/page"}],"author":[{"embeddable":true,"href":"https:\/\/www.cpacorporateservices.com\/es\/wp-json\/wp\/v2\/users\/4"}],"replies":[{"embeddable":true,"href":"https:\/\/www.cpacorporateservices.com\/es\/wp-json\/wp\/v2\/comments?post=11785"}],"version-history":[{"count":20,"href":"https:\/\/www.cpacorporateservices.com\/es\/wp-json\/wp\/v2\/pages\/11785\/revisions"}],"predecessor-version":[{"id":13156,"href":"https:\/\/www.cpacorporateservices.com\/es\/wp-json\/wp\/v2\/pages\/11785\/revisions\/13156"}],"wp:featuredmedia":[{"embeddable":true,"href":"https:\/\/www.cpacorporateservices.com\/es\/wp-json\/wp\/v2\/media\/11730"}],"wp:attachment":[{"href":"https:\/\/www.cpacorporateservices.com\/es\/wp-json\/wp\/v2\/media?parent=11785"}],"curies":[{"name":"wp","href":"https:\/\/api.w.org\/{rel}","templated":true}]}}