{"id":11827,"date":"2023-12-21T16:01:15","date_gmt":"2023-12-21T15:01:15","guid":{"rendered":"https:\/\/cpacorporateservices.dev.sharenow.it\/servicios\/fiscalidad\/"},"modified":"2024-04-11T12:04:27","modified_gmt":"2024-04-11T10:04:27","slug":"fiscalidad","status":"publish","type":"page","link":"https:\/\/www.cpacorporateservices.com\/es\/servicios\/fiscalidad\/","title":{"rendered":"Fiscalidad"},"content":{"rendered":"<p>[et_pb_section fb_built=\u00bb1&#8243; admin_label=\u00bbContact Section\u00bb _builder_version=\u00bb4.23.1&#8243; _module_preset=\u00bbdefault\u00bb background_color=\u00bb#FFFFFF\u00bb use_background_color_gradient=\u00bbon\u00bb background_color_gradient_stops=\u00bb#ffffff 20%|rgba(255,255,255,0) 80%\u00bb background_color_gradient_overlays_image=\u00bbon\u00bb background_color_gradient_start=\u00bb#ffffff\u00bb background_color_gradient_start_position=\u00bb20%\u00bb background_color_gradient_end=\u00bbrgba(255,255,255,0)\u00bb background_color_gradient_end_position=\u00bb80%\u00bb background_enable_image=\u00bboff\u00bb background_position=\u00bbbottom_center\u00bb custom_padding=\u00bb0px||0px||true|false\u00bb saved_tabs=\u00bball\u00bb locked=\u00bboff\u00bb global_colors_info=\u00bb{}\u00bb][et_pb_row column_structure=\u00bb1_2,1_2&#8243; use_custom_gutter=\u00bbon\u00bb gutter_width=\u00bb1&#8243; make_equal=\u00bbon\u00bb module_class=\u00bb et_pb_row_fullwidth\u00bb _builder_version=\u00bb4.23.1&#8243; background_size=\u00bbinitial\u00bb background_position=\u00bbtop_left\u00bb background_repeat=\u00bbrepeat\u00bb width=\u00bb100%\u00bb width_tablet=\u00bb100%\u00bb width_phone=\u00bb100%\u00bb width_last_edited=\u00bbon|desktop\u00bb max_width=\u00bb100%\u00bb max_width_tablet=\u00bb100%\u00bb max_width_phone=\u00bb100%\u00bb max_width_last_edited=\u00bbon|desktop\u00bb custom_margin=\u00bb|||\u00bb custom_padding=\u00bb0px||0px|\u00bb make_fullwidth=\u00bbon\u00bb locked=\u00bboff\u00bb global_colors_info=\u00bb{}\u00bb][et_pb_column type=\u00bb1_2&#8243; _builder_version=\u00bb4.18.0&#8243; background_color=\u00bb#f4f4f4&#8243; background_position=\u00bbtop_left\u00bb custom_padding=\u00bb8%|8%|8%|8%|false|false\u00bb custom_padding_tablet=\u00bb8%|6%|8%|16%\u00bb custom_padding_phone=\u00bb80px|10%|80px|10%\u00bb custom_padding_last_edited=\u00bbon|desktop\u00bb global_colors_info=\u00bb{}\u00bb custom_padding__hover=\u00bb|||\u00bb][et_pb_divider divider_weight=\u00bb3px\u00bb disabled_on=\u00bboff|off|off\u00bb _builder_version=\u00bb4.23.1&#8243; background_color_gradient_direction=\u00bb90deg\u00bb max_width=\u00bb100px\u00bb module_alignment=\u00bbleft\u00bb height=\u00bb5px\u00bb custom_margin=\u00bb||30px||false|false\u00bb custom_padding=\u00bb||||false|false\u00bb animation_style=\u00bbslide\u00bb animation_direction=\u00bbbottom\u00bb saved_tabs=\u00bball\u00bb locked=\u00bboff\u00bb global_colors_info=\u00bb{}\u00bb][\/et_pb_divider][et_pb_text _builder_version=\u00bb4.23.1&#8243; _module_preset=\u00bbdefault\u00bb text_font=\u00bb||||||||\u00bb text_text_color=\u00bbrgba(0,0,0,0.7)\u00bb link_font=\u00bb||||||||\u00bb link_text_color=\u00bbrgba(0,0,0,0.7)\u00bb custom_margin=\u00bb||5px||false|false\u00bb locked=\u00bboff\u00bb global_colors_info=\u00bb{}\u00bb]<\/p>\n<p style=\"text-align: left;\"><span><span><a href=\"https:\/\/www.cpacorporateservices.com\/es\/\">Home<\/a><\/span><\/span><\/p>\n<p>[\/et_pb_text][et_pb_text admin_label=\u00bbAbout Section Title\u00bb _builder_version=\u00bb4.24.2&#8243; text_font=\u00bbMontserrat||||\u00bb text_text_color=\u00bb#1f1f1f\u00bb text_font_size=\u00bb20px\u00bb text_line_height=\u00bb1.8em\u00bb header_font=\u00bb|600|||||||\u00bb header_2_font=\u00bb|600|||||||\u00bb background_size=\u00bbinitial\u00bb background_position=\u00bbtop_left\u00bb background_repeat=\u00bbrepeat\u00bb custom_padding=\u00bb||30px||false|false\u00bb hover_enabled=\u00bb0&#8243; global_colors_info=\u00bb{}\u00bb sticky_enabled=\u00bb0&#8243;]<\/p>\n<h1 class=\"color-blue\" style=\"text-align: left;\">Fiscalidad Empresarial<\/h1>\n<p>&nbsp;<\/p>\n<p>La tributaci\u00f3n puede tener un profundo impacto en los resultados empresariales, siendo a veces uno de los factores m\u00e1s relevantes en los procesos de toma de decisiones.<\/p>\n<p>En CPA comprendemos lo sensible que es esta \u00e1rea y brindamos asesoramiento en esta perspectiva. Nos encargamos de todos los aspectos fiscales en Espa\u00f1a, asegurando el cumplimiento total de las leyes y requisitos normativos para optimizar su estrategia empresarial y maximizar el rendimiento de las inversiones.<\/p>\n<p>[\/et_pb_text][et_pb_button button_url=\u00bb#escribenos\u00bb button_text=\u00bbPonte en contacto con nosotros\u00bb _builder_version=\u00bb4.23.1&#8243; _module_preset=\u00bbdefault\u00bb global_colors_info=\u00bb{}\u00bb][\/et_pb_button][\/et_pb_column][et_pb_column type=\u00bb1_2&#8243; disabled_on=\u00bbon|on|off\u00bb _builder_version=\u00bb4.23.1&#8243; background_image=\u00bbhttps:\/\/www.cpacorporateservices.com\/wp-content\/uploads\/2023\/12\/Fiscalita.jpg\u00bb custom_padding=\u00bb|||\u00bb global_colors_info=\u00bb{}\u00bb custom_padding__hover=\u00bb|||\u00bb][\/et_pb_column][\/et_pb_row][\/et_pb_section]<\/p>\n","protected":false},"excerpt":{"rendered":"<p><span><span><a href=\"https:\/\/www.cpacorporateservices.com\/es\/\">Home<\/a><\/span><\/span>Fiscalidad Empresarial &nbsp; La tributaci\u00f3n puede tener un profundo impacto en los resultados empresariales, siendo a veces uno de los factores m\u00e1s relevantes en los procesos de toma de decisiones. En CPA comprendemos lo sensible que es esta \u00e1rea y brindamos asesoramiento en esta perspectiva. Nos encargamos de todos los aspectos fiscales en Espa\u00f1a, asegurando [&hellip;]<\/p>\n","protected":false},"author":4,"featured_media":11718,"parent":11791,"menu_order":0,"comment_status":"closed","ping_status":"closed","template":"","meta":{"_et_pb_use_builder":"on","_et_pb_old_content":"","_et_gb_content_width":"","footnotes":""},"class_list":["post-11827","page","type-page","status-publish","has-post-thumbnail","hentry"],"yoast_head":"<!-- This site is optimized with the Yoast SEO plugin v27.3 - https:\/\/yoast.com\/product\/yoast-seo-wordpress\/ -->\n<title>Fiscalidad - CPA Corporate Services<\/title>\n<meta name=\"robots\" content=\"index, follow, max-snippet:-1, max-image-preview:large, max-video-preview:-1\" \/>\n<link rel=\"canonical\" href=\"https:\/\/www.cpacorporateservices.com\/es\/servicios\/fiscalidad\/\" \/>\n<meta property=\"og:locale\" content=\"es_ES\" \/>\n<meta property=\"og:type\" content=\"article\" \/>\n<meta property=\"og:title\" content=\"Fiscalidad - CPA Corporate Services\" \/>\n<meta property=\"og:description\" content=\"Fiscalidad Empresarial &nbsp; La tributaci\u00f3n puede tener un profundo impacto en los resultados empresariales, siendo a veces uno de los factores m\u00e1s relevantes en los procesos de toma de decisiones. En CPA comprendemos lo sensible que es esta \u00e1rea y brindamos asesoramiento en esta perspectiva. Nos encargamos de todos los aspectos fiscales en Espa\u00f1a, asegurando [&hellip;]\" \/>\n<meta property=\"og:url\" content=\"https:\/\/www.cpacorporateservices.com\/es\/servicios\/fiscalidad\/\" \/>\n<meta property=\"og:site_name\" content=\"CPA Corporate Services\" \/>\n<meta property=\"article:publisher\" content=\"https:\/\/www.facebook.com\/CPAcorporateservices\/\" \/>\n<meta property=\"article:modified_time\" content=\"2024-04-11T10:04:27+00:00\" \/>\n<meta property=\"og:image\" content=\"https:\/\/www.cpacorporateservices.com\/wp-content\/uploads\/2023\/12\/Fiscalita.jpg\" \/>\n\t<meta property=\"og:image:width\" content=\"1920\" \/>\n\t<meta property=\"og:image:height\" content=\"1280\" \/>\n\t<meta property=\"og:image:type\" content=\"image\/jpeg\" \/>\n<meta name=\"twitter:card\" content=\"summary_large_image\" \/>\n<meta name=\"twitter:label1\" content=\"Tiempo de lectura\" \/>\n\t<meta name=\"twitter:data1\" content=\"2 minutos\" \/>\n<script type=\"application\/ld+json\" class=\"yoast-schema-graph\">{\"@context\":\"https:\\\/\\\/schema.org\",\"@graph\":[{\"@type\":\"WebPage\",\"@id\":\"https:\\\/\\\/www.cpacorporateservices.com\\\/es\\\/servicios\\\/fiscalidad\\\/\",\"url\":\"https:\\\/\\\/www.cpacorporateservices.com\\\/es\\\/servicios\\\/fiscalidad\\\/\",\"name\":\"Fiscalidad - CPA Corporate Services\",\"isPartOf\":{\"@id\":\"https:\\\/\\\/www.cpacorporateservices.com\\\/es\\\/#website\"},\"primaryImageOfPage\":{\"@id\":\"https:\\\/\\\/www.cpacorporateservices.com\\\/es\\\/servicios\\\/fiscalidad\\\/#primaryimage\"},\"image\":{\"@id\":\"https:\\\/\\\/www.cpacorporateservices.com\\\/es\\\/servicios\\\/fiscalidad\\\/#primaryimage\"},\"thumbnailUrl\":\"https:\\\/\\\/www.cpacorporateservices.com\\\/wp-content\\\/uploads\\\/2023\\\/12\\\/Fiscalita.jpg\",\"datePublished\":\"2023-12-21T15:01:15+00:00\",\"dateModified\":\"2024-04-11T10:04:27+00:00\",\"breadcrumb\":{\"@id\":\"https:\\\/\\\/www.cpacorporateservices.com\\\/es\\\/servicios\\\/fiscalidad\\\/#breadcrumb\"},\"inLanguage\":\"es\",\"potentialAction\":[{\"@type\":\"ReadAction\",\"target\":[\"https:\\\/\\\/www.cpacorporateservices.com\\\/es\\\/servicios\\\/fiscalidad\\\/\"]}]},{\"@type\":\"ImageObject\",\"inLanguage\":\"es\",\"@id\":\"https:\\\/\\\/www.cpacorporateservices.com\\\/es\\\/servicios\\\/fiscalidad\\\/#primaryimage\",\"url\":\"https:\\\/\\\/www.cpacorporateservices.com\\\/wp-content\\\/uploads\\\/2023\\\/12\\\/Fiscalita.jpg\",\"contentUrl\":\"https:\\\/\\\/www.cpacorporateservices.com\\\/wp-content\\\/uploads\\\/2023\\\/12\\\/Fiscalita.jpg\",\"width\":1920,\"height\":1280},{\"@type\":\"BreadcrumbList\",\"@id\":\"https:\\\/\\\/www.cpacorporateservices.com\\\/es\\\/servicios\\\/fiscalidad\\\/#breadcrumb\",\"itemListElement\":[{\"@type\":\"ListItem\",\"position\":1,\"name\":\"Home\",\"item\":\"https:\\\/\\\/www.cpacorporateservices.com\\\/es\\\/\"},{\"@type\":\"ListItem\",\"position\":2,\"name\":\"Servicios\",\"item\":\"https:\\\/\\\/www.cpacorporateservices.com\\\/es\\\/services\\\/\"},{\"@type\":\"ListItem\",\"position\":3,\"name\":\"Fiscalidad\"}]},{\"@type\":\"WebSite\",\"@id\":\"https:\\\/\\\/www.cpacorporateservices.com\\\/es\\\/#website\",\"url\":\"https:\\\/\\\/www.cpacorporateservices.com\\\/es\\\/\",\"name\":\"CPA Corporate Services\",\"description\":\"A MANAGERIAL APPROACH TO CONSULTING\",\"publisher\":{\"@id\":\"https:\\\/\\\/www.cpacorporateservices.com\\\/es\\\/#organization\"},\"potentialAction\":[{\"@type\":\"SearchAction\",\"target\":{\"@type\":\"EntryPoint\",\"urlTemplate\":\"https:\\\/\\\/www.cpacorporateservices.com\\\/es\\\/?s={search_term_string}\"},\"query-input\":{\"@type\":\"PropertyValueSpecification\",\"valueRequired\":true,\"valueName\":\"search_term_string\"}}],\"inLanguage\":\"es\"},{\"@type\":\"Organization\",\"@id\":\"https:\\\/\\\/www.cpacorporateservices.com\\\/es\\\/#organization\",\"name\":\"CPA Corporate Services\",\"url\":\"https:\\\/\\\/www.cpacorporateservices.com\\\/es\\\/\",\"logo\":{\"@type\":\"ImageObject\",\"inLanguage\":\"es\",\"@id\":\"https:\\\/\\\/www.cpacorporateservices.com\\\/es\\\/#\\\/schema\\\/logo\\\/image\\\/\",\"url\":\"https:\\\/\\\/www.cpacorporateservices.com\\\/wp-content\\\/uploads\\\/2018\\\/11\\\/logo-cpa-web.png\",\"contentUrl\":\"https:\\\/\\\/www.cpacorporateservices.com\\\/wp-content\\\/uploads\\\/2018\\\/11\\\/logo-cpa-web.png\",\"width\":900,\"height\":533,\"caption\":\"CPA Corporate Services\"},\"image\":{\"@id\":\"https:\\\/\\\/www.cpacorporateservices.com\\\/es\\\/#\\\/schema\\\/logo\\\/image\\\/\"},\"sameAs\":[\"https:\\\/\\\/www.facebook.com\\\/CPAcorporateservices\\\/\",\"https:\\\/\\\/es.linkedin.com\\\/company\\\/cpa-corporate-services\"]}]}<\/script>\n<!-- \/ Yoast SEO plugin. -->","yoast_head_json":{"title":"Fiscalidad - CPA Corporate Services","robots":{"index":"index","follow":"follow","max-snippet":"max-snippet:-1","max-image-preview":"max-image-preview:large","max-video-preview":"max-video-preview:-1"},"canonical":"https:\/\/www.cpacorporateservices.com\/es\/servicios\/fiscalidad\/","og_locale":"es_ES","og_type":"article","og_title":"Fiscalidad - CPA Corporate Services","og_description":"Fiscalidad Empresarial &nbsp; La tributaci\u00f3n puede tener un profundo impacto en los resultados empresariales, siendo a veces uno de los factores m\u00e1s relevantes en los procesos de toma de decisiones. En CPA comprendemos lo sensible que es esta \u00e1rea y brindamos asesoramiento en esta perspectiva. Nos encargamos de todos los aspectos fiscales en Espa\u00f1a, asegurando [&hellip;]","og_url":"https:\/\/www.cpacorporateservices.com\/es\/servicios\/fiscalidad\/","og_site_name":"CPA Corporate Services","article_publisher":"https:\/\/www.facebook.com\/CPAcorporateservices\/","article_modified_time":"2024-04-11T10:04:27+00:00","og_image":[{"width":1920,"height":1280,"url":"https:\/\/www.cpacorporateservices.com\/wp-content\/uploads\/2023\/12\/Fiscalita.jpg","type":"image\/jpeg"}],"twitter_card":"summary_large_image","twitter_misc":{"Tiempo de lectura":"2 minutos"},"schema":{"@context":"https:\/\/schema.org","@graph":[{"@type":"WebPage","@id":"https:\/\/www.cpacorporateservices.com\/es\/servicios\/fiscalidad\/","url":"https:\/\/www.cpacorporateservices.com\/es\/servicios\/fiscalidad\/","name":"Fiscalidad - CPA Corporate Services","isPartOf":{"@id":"https:\/\/www.cpacorporateservices.com\/es\/#website"},"primaryImageOfPage":{"@id":"https:\/\/www.cpacorporateservices.com\/es\/servicios\/fiscalidad\/#primaryimage"},"image":{"@id":"https:\/\/www.cpacorporateservices.com\/es\/servicios\/fiscalidad\/#primaryimage"},"thumbnailUrl":"https:\/\/www.cpacorporateservices.com\/wp-content\/uploads\/2023\/12\/Fiscalita.jpg","datePublished":"2023-12-21T15:01:15+00:00","dateModified":"2024-04-11T10:04:27+00:00","breadcrumb":{"@id":"https:\/\/www.cpacorporateservices.com\/es\/servicios\/fiscalidad\/#breadcrumb"},"inLanguage":"es","potentialAction":[{"@type":"ReadAction","target":["https:\/\/www.cpacorporateservices.com\/es\/servicios\/fiscalidad\/"]}]},{"@type":"ImageObject","inLanguage":"es","@id":"https:\/\/www.cpacorporateservices.com\/es\/servicios\/fiscalidad\/#primaryimage","url":"https:\/\/www.cpacorporateservices.com\/wp-content\/uploads\/2023\/12\/Fiscalita.jpg","contentUrl":"https:\/\/www.cpacorporateservices.com\/wp-content\/uploads\/2023\/12\/Fiscalita.jpg","width":1920,"height":1280},{"@type":"BreadcrumbList","@id":"https:\/\/www.cpacorporateservices.com\/es\/servicios\/fiscalidad\/#breadcrumb","itemListElement":[{"@type":"ListItem","position":1,"name":"Home","item":"https:\/\/www.cpacorporateservices.com\/es\/"},{"@type":"ListItem","position":2,"name":"Servicios","item":"https:\/\/www.cpacorporateservices.com\/es\/services\/"},{"@type":"ListItem","position":3,"name":"Fiscalidad"}]},{"@type":"WebSite","@id":"https:\/\/www.cpacorporateservices.com\/es\/#website","url":"https:\/\/www.cpacorporateservices.com\/es\/","name":"CPA Corporate Services","description":"A MANAGERIAL APPROACH TO CONSULTING","publisher":{"@id":"https:\/\/www.cpacorporateservices.com\/es\/#organization"},"potentialAction":[{"@type":"SearchAction","target":{"@type":"EntryPoint","urlTemplate":"https:\/\/www.cpacorporateservices.com\/es\/?s={search_term_string}"},"query-input":{"@type":"PropertyValueSpecification","valueRequired":true,"valueName":"search_term_string"}}],"inLanguage":"es"},{"@type":"Organization","@id":"https:\/\/www.cpacorporateservices.com\/es\/#organization","name":"CPA Corporate Services","url":"https:\/\/www.cpacorporateservices.com\/es\/","logo":{"@type":"ImageObject","inLanguage":"es","@id":"https:\/\/www.cpacorporateservices.com\/es\/#\/schema\/logo\/image\/","url":"https:\/\/www.cpacorporateservices.com\/wp-content\/uploads\/2018\/11\/logo-cpa-web.png","contentUrl":"https:\/\/www.cpacorporateservices.com\/wp-content\/uploads\/2018\/11\/logo-cpa-web.png","width":900,"height":533,"caption":"CPA Corporate Services"},"image":{"@id":"https:\/\/www.cpacorporateservices.com\/es\/#\/schema\/logo\/image\/"},"sameAs":["https:\/\/www.facebook.com\/CPAcorporateservices\/","https:\/\/es.linkedin.com\/company\/cpa-corporate-services"]}]}},"_links":{"self":[{"href":"https:\/\/www.cpacorporateservices.com\/es\/wp-json\/wp\/v2\/pages\/11827","targetHints":{"allow":["GET"]}}],"collection":[{"href":"https:\/\/www.cpacorporateservices.com\/es\/wp-json\/wp\/v2\/pages"}],"about":[{"href":"https:\/\/www.cpacorporateservices.com\/es\/wp-json\/wp\/v2\/types\/page"}],"author":[{"embeddable":true,"href":"https:\/\/www.cpacorporateservices.com\/es\/wp-json\/wp\/v2\/users\/4"}],"replies":[{"embeddable":true,"href":"https:\/\/www.cpacorporateservices.com\/es\/wp-json\/wp\/v2\/comments?post=11827"}],"version-history":[{"count":18,"href":"https:\/\/www.cpacorporateservices.com\/es\/wp-json\/wp\/v2\/pages\/11827\/revisions"}],"predecessor-version":[{"id":12765,"href":"https:\/\/www.cpacorporateservices.com\/es\/wp-json\/wp\/v2\/pages\/11827\/revisions\/12765"}],"up":[{"embeddable":true,"href":"https:\/\/www.cpacorporateservices.com\/es\/wp-json\/wp\/v2\/pages\/11791"}],"wp:featuredmedia":[{"embeddable":true,"href":"https:\/\/www.cpacorporateservices.com\/es\/wp-json\/wp\/v2\/media\/11718"}],"wp:attachment":[{"href":"https:\/\/www.cpacorporateservices.com\/es\/wp-json\/wp\/v2\/media?parent=11827"}],"curies":[{"name":"wp","href":"https:\/\/api.w.org\/{rel}","templated":true}]}}