{"id":11840,"date":"2023-04-12T15:34:47","date_gmt":"2023-04-12T13:34:47","guid":{"rendered":"https:\/\/cpacorporateservices.dev.sharenow.it\/noticias\/"},"modified":"2026-04-14T12:29:38","modified_gmt":"2026-04-14T10:29:38","slug":"noticias","status":"publish","type":"page","link":"https:\/\/www.cpacorporateservices.com\/es\/noticias\/","title":{"rendered":"Noticias"},"content":{"rendered":"\n<div class=\"et_pb_section_0 et_pb_section et_section_regular et_block_section\"><div class=\"et_pb_row_0 et_pb_row et_block_row\"><div class=\"et_pb_column_0 et_pb_column et_pb_column_4_4 et-last-child et_block_column et_pb_css_mix_blend_mode_passthrough\"><div class=\"et_pb_text_0 et_pb_text et_pb_bg_layout_light et_pb_module et_block_module\"><div class=\"et_pb_text_inner\"><p style=\"text-align: center;\"><span><span><a href=\"https:\/\/www.cpacorporateservices.com\/es\/\">Home<\/a><\/span><\/span><\/p>\n<\/div><\/div><div class=\"et_pb_text_1 et_pb_text et_pb_bg_layout_light et_pb_module et_block_module et_pb_text_align_center preset--module--divi-text--c3c1179e-80e4-4396-b700-51b845e1c46f\"><div class=\"et_pb_text_inner\"><h2>Noticias<\/h2>\n<\/div><\/div><div class=\"et_pb_blog_0 et_pb_blog et_pb_bg_layout_light et_pb_posts et_pb_module\"><div class=\"et_pb_ajax_pagination_container\"><div class=\"et_pb_posts et_grid_module\"><article class=\"et_pb_post et_pb_post_id_11863 clearfix et_pb_blog_item_0_0 post-11863 post type-post status-publish format-standard has-post-thumbnail hentry category-news-es\"><div class=\"et_pb_image_container\"><a href=\"https:\/\/www.cpacorporateservices.com\/es\/descubre-las-ventajas-de-abrir-una-empresa-en-espana-un-entorno-estimulante-y-favorable\/\" class=\"entry-featured-image-url\"><img loading=\"lazy\" decoding=\"async\" src=\"https:\/\/www.cpacorporateservices.com\/wp-content\/uploads\/2023\/04\/Fiera-di-Barcellona.jpg\" width=\"400\" height=\"284\" alt=\"Descubre las ventajas de abrir una empresa en Espa\u00f1a: un entorno estimulante y favorable\" class=\"\" srcset=\"https:\/\/www.cpacorporateservices.com\/wp-content\/uploads\/2023\/04\/Fiera-di-Barcellona.jpg 479w, https:\/\/www.cpacorporateservices.com\/wp-content\/uploads\/2023\/04\/Fiera-di-Barcellona-400x284.jpg 480w\" sizes=\"(max-width:479px) 479px, 100vw\" \/><span data-icon=\"\ue050\" class=\"et_overlay et_pb_inline_icon\"><\/span><\/a><\/div><h3 class=\"entry-title\"><a href=\"https:\/\/www.cpacorporateservices.com\/es\/descubre-las-ventajas-de-abrir-una-empresa-en-espana-un-entorno-estimulante-y-favorable\/\">Descubre las ventajas de abrir una empresa en Espa\u00f1a: un entorno estimulante y favorable<\/a><\/h3><p class=\"post-meta\">por <span class=\"author vcard\"><a href=\"https:\/\/www.cpacorporateservices.com\/es\/author\/siad_admin\/\" title=\"Entradas de CPA Corporate Services\" rel=\"author\">CPA Corporate Services<\/a><\/span> | <span class=\"published\">Abr 12, 2023<\/span> | <span class=\"entry-categories\"><a href=\"https:\/\/www.cpacorporateservices.com\/es\/category\/news-es\/\" rel=\"tag\">News<\/a><\/span><\/p><div class=\"post-content\"><div class=\"post-content-inner\"><p>Abrir una empresa en Espa\u00f1a puede ser una opci\u00f3n estrat\u00e9gica y beneficiosa para los empresarios y las empresas que buscan oportunidades de crecimiento y \u00e9xito en el contexto europeo. Con una econom\u00eda din\u00e1mica, un entorno empresarial desafiante y una serie de&#8230;<\/p>\n<\/div><a href=\"https:\/\/www.cpacorporateservices.com\/es\/descubre-las-ventajas-de-abrir-una-empresa-en-espana-un-entorno-estimulante-y-favorable\/\" class=\"more-link\">leer m\u00e1s&#8230;<\/a><\/div><\/article><article class=\"et_pb_post et_pb_post_id_11865 clearfix et_pb_blog_item_0_1 post-11865 post type-post status-publish format-standard has-post-thumbnail hentry category-news-es\"><div class=\"et_pb_image_container\"><a href=\"https:\/\/www.cpacorporateservices.com\/es\/maximice-el-potencial-de-su-holding-etve-con-el-soporte-experto-de-cpa-corporate-services\/\" class=\"entry-featured-image-url\"><img loading=\"lazy\" decoding=\"async\" src=\"https:\/\/www.cpacorporateservices.com\/wp-content\/uploads\/2023\/04\/Barcellona-business.jpg\" width=\"400\" height=\"284\" alt=\"Maximice el potencial de su holding ETVE con el soporte experto de CPA Corporate Services\" class=\"\" srcset=\"https:\/\/www.cpacorporateservices.com\/wp-content\/uploads\/2023\/04\/Barcellona-business.jpg 479w, https:\/\/www.cpacorporateservices.com\/wp-content\/uploads\/2023\/04\/Barcellona-business-400x284.jpg 480w\" sizes=\"(max-width:479px) 479px, 100vw\" \/><span data-icon=\"\ue050\" class=\"et_overlay et_pb_inline_icon\"><\/span><\/a><\/div><h3 class=\"entry-title\"><a href=\"https:\/\/www.cpacorporateservices.com\/es\/maximice-el-potencial-de-su-holding-etve-con-el-soporte-experto-de-cpa-corporate-services\/\">Maximice el potencial de su holding ETVE con el soporte experto de CPA Corporate Services<\/a><\/h3><p class=\"post-meta\">por <span class=\"author vcard\"><a href=\"https:\/\/www.cpacorporateservices.com\/es\/author\/siad_admin\/\" title=\"Entradas de CPA Corporate Services\" rel=\"author\">CPA Corporate Services<\/a><\/span> | <span class=\"published\">Abr 12, 2023<\/span> | <span class=\"entry-categories\"><a href=\"https:\/\/www.cpacorporateservices.com\/es\/category\/news-es\/\" rel=\"tag\">News<\/a><\/span><\/p><div class=\"post-content\"><div class=\"post-content-inner\"><p>En CPA Corporate Services, somos pioneros en ofrecer asesoramiento especializado en Entidades de Tenencia de Valores Extranjeros (ETVE), proporcionando soluciones a medida para garantizar que cada aspecto de su holding ETVE funcione a la perfecci\u00f3n. Espa\u00f1a, con su&#8230;<\/p>\n<\/div><a href=\"https:\/\/www.cpacorporateservices.com\/es\/maximice-el-potencial-de-su-holding-etve-con-el-soporte-experto-de-cpa-corporate-services\/\" class=\"more-link\">leer m\u00e1s&#8230;<\/a><\/div><\/article><article class=\"et_pb_post et_pb_post_id_11868 clearfix et_pb_blog_item_0_2 post-11868 post type-post status-publish format-standard has-post-thumbnail hentry category-news-es\"><div class=\"et_pb_image_container\"><a href=\"https:\/\/www.cpacorporateservices.com\/es\/bienvenido-al-nuevo-sitio-web-de-cpa-corporate-services-su-socio-de-confianza-para-el-asesoramiento-empresarial-en-barcelona-y-madrid\/\" class=\"entry-featured-image-url\"><img loading=\"lazy\" decoding=\"async\" src=\"https:\/\/www.cpacorporateservices.com\/wp-content\/uploads\/2023\/04\/Barcellona-area-business.jpg\" width=\"400\" height=\"284\" alt=\"Bienvenido al nuevo sitio web de CPA Corporate Services: su socio de confianza para el asesoramiento empresarial en Barcelona y Madrid\" class=\"\" srcset=\"https:\/\/www.cpacorporateservices.com\/wp-content\/uploads\/2023\/04\/Barcellona-area-business.jpg 479w, https:\/\/www.cpacorporateservices.com\/wp-content\/uploads\/2023\/04\/Barcellona-area-business-400x284.jpg 480w\" sizes=\"(max-width:479px) 479px, 100vw\" \/><span data-icon=\"\ue050\" class=\"et_overlay et_pb_inline_icon\"><\/span><\/a><\/div><h3 class=\"entry-title\"><a href=\"https:\/\/www.cpacorporateservices.com\/es\/bienvenido-al-nuevo-sitio-web-de-cpa-corporate-services-su-socio-de-confianza-para-el-asesoramiento-empresarial-en-barcelona-y-madrid\/\">Bienvenido al nuevo sitio web de CPA Corporate Services: su socio de confianza para el asesoramiento empresarial en Barcelona y Madrid<\/a><\/h3><p class=\"post-meta\">por <span class=\"author vcard\"><a href=\"https:\/\/www.cpacorporateservices.com\/es\/author\/siad_admin\/\" title=\"Entradas de CPA Corporate Services\" rel=\"author\">CPA Corporate Services<\/a><\/span> | <span class=\"published\">Abr 11, 2023<\/span> | <span class=\"entry-categories\"><a href=\"https:\/\/www.cpacorporateservices.com\/es\/category\/news-es\/\" rel=\"tag\">News<\/a><\/span><\/p><div class=\"post-content\"><div class=\"post-content-inner\"><p>Nos complace darle la bienvenida a nuestro nuevo sitio web, dise\u00f1ado para brindarle una experiencia informativa e interactiva mientras lo acompa\u00f1amos en el mundo de la consultor\u00eda empresarial en Barcelona y Madrid. CPA Corporate Services es una empresa dedicada a&#8230;<\/p>\n<\/div><a href=\"https:\/\/www.cpacorporateservices.com\/es\/bienvenido-al-nuevo-sitio-web-de-cpa-corporate-services-su-socio-de-confianza-para-el-asesoramiento-empresarial-en-barcelona-y-madrid\/\" class=\"more-link\">leer m\u00e1s&#8230;<\/a><\/div><\/article><\/div><div class=\"pagination clearfix\">\n\t<div class=\"alignleft\"><\/div>\n\t<div class=\"alignright\"><\/div>\n<\/div><\/div><\/div><\/div><\/div><\/div>\n","protected":false},"excerpt":{"rendered":"","protected":false},"author":4,"featured_media":0,"parent":0,"menu_order":0,"comment_status":"closed","ping_status":"closed","template":"","meta":{"footnotes":""},"class_list":["post-11840","page","type-page","status-publish","hentry"],"yoast_head":"<!-- This site is optimized with the Yoast SEO plugin v27.4 - https:\/\/yoast.com\/product\/yoast-seo-wordpress\/ -->\n<title>Noticias - CPA Corporate Services<\/title>\n<meta name=\"robots\" content=\"index, follow, max-snippet:-1, max-image-preview:large, max-video-preview:-1\" \/>\n<link rel=\"canonical\" href=\"https:\/\/www.cpacorporateservices.com\/es\/noticias\/\" \/>\n<meta property=\"og:locale\" content=\"es_ES\" \/>\n<meta property=\"og:type\" content=\"article\" \/>\n<meta property=\"og:title\" content=\"Noticias - CPA Corporate Services\" \/>\n<meta property=\"og:url\" content=\"https:\/\/www.cpacorporateservices.com\/es\/noticias\/\" \/>\n<meta property=\"og:site_name\" content=\"CPA Corporate Services\" \/>\n<meta property=\"article:publisher\" content=\"https:\/\/www.facebook.com\/CPAcorporateservices\/\" \/>\n<meta property=\"article:modified_time\" content=\"2026-04-14T10:29:38+00:00\" \/>\n<meta name=\"twitter:card\" content=\"summary_large_image\" \/>\n<script type=\"application\/ld+json\" class=\"yoast-schema-graph\">{\"@context\":\"https:\\\/\\\/schema.org\",\"@graph\":[{\"@type\":\"WebPage\",\"@id\":\"https:\\\/\\\/www.cpacorporateservices.com\\\/es\\\/noticias\\\/\",\"url\":\"https:\\\/\\\/www.cpacorporateservices.com\\\/es\\\/noticias\\\/\",\"name\":\"Noticias - CPA Corporate Services\",\"isPartOf\":{\"@id\":\"https:\\\/\\\/www.cpacorporateservices.com\\\/es\\\/#website\"},\"datePublished\":\"2023-04-12T13:34:47+00:00\",\"dateModified\":\"2026-04-14T10:29:38+00:00\",\"breadcrumb\":{\"@id\":\"https:\\\/\\\/www.cpacorporateservices.com\\\/es\\\/noticias\\\/#breadcrumb\"},\"inLanguage\":\"es\",\"potentialAction\":[{\"@type\":\"ReadAction\",\"target\":[\"https:\\\/\\\/www.cpacorporateservices.com\\\/es\\\/noticias\\\/\"]}]},{\"@type\":\"BreadcrumbList\",\"@id\":\"https:\\\/\\\/www.cpacorporateservices.com\\\/es\\\/noticias\\\/#breadcrumb\",\"itemListElement\":[{\"@type\":\"ListItem\",\"position\":1,\"name\":\"Home\",\"item\":\"https:\\\/\\\/www.cpacorporateservices.com\\\/es\\\/\"},{\"@type\":\"ListItem\",\"position\":2,\"name\":\"Noticias\"}]},{\"@type\":\"WebSite\",\"@id\":\"https:\\\/\\\/www.cpacorporateservices.com\\\/es\\\/#website\",\"url\":\"https:\\\/\\\/www.cpacorporateservices.com\\\/es\\\/\",\"name\":\"CPA Corporate Services\",\"description\":\"A MANAGERIAL APPROACH TO CONSULTING\",\"publisher\":{\"@id\":\"https:\\\/\\\/www.cpacorporateservices.com\\\/es\\\/#organization\"},\"potentialAction\":[{\"@type\":\"SearchAction\",\"target\":{\"@type\":\"EntryPoint\",\"urlTemplate\":\"https:\\\/\\\/www.cpacorporateservices.com\\\/es\\\/?s={search_term_string}\"},\"query-input\":{\"@type\":\"PropertyValueSpecification\",\"valueRequired\":true,\"valueName\":\"search_term_string\"}}],\"inLanguage\":\"es\"},{\"@type\":\"Organization\",\"@id\":\"https:\\\/\\\/www.cpacorporateservices.com\\\/es\\\/#organization\",\"name\":\"CPA Corporate Services\",\"url\":\"https:\\\/\\\/www.cpacorporateservices.com\\\/es\\\/\",\"logo\":{\"@type\":\"ImageObject\",\"inLanguage\":\"es\",\"@id\":\"https:\\\/\\\/www.cpacorporateservices.com\\\/es\\\/#\\\/schema\\\/logo\\\/image\\\/\",\"url\":\"https:\\\/\\\/www.cpacorporateservices.com\\\/wp-content\\\/uploads\\\/2018\\\/11\\\/logo-cpa-web.png\",\"contentUrl\":\"https:\\\/\\\/www.cpacorporateservices.com\\\/wp-content\\\/uploads\\\/2018\\\/11\\\/logo-cpa-web.png\",\"width\":900,\"height\":533,\"caption\":\"CPA Corporate Services\"},\"image\":{\"@id\":\"https:\\\/\\\/www.cpacorporateservices.com\\\/es\\\/#\\\/schema\\\/logo\\\/image\\\/\"},\"sameAs\":[\"https:\\\/\\\/www.facebook.com\\\/CPAcorporateservices\\\/\",\"https:\\\/\\\/es.linkedin.com\\\/company\\\/cpa-corporate-services\"]}]}<\/script>\n<!-- \/ Yoast SEO plugin. -->","yoast_head_json":{"title":"Noticias - CPA Corporate Services","robots":{"index":"index","follow":"follow","max-snippet":"max-snippet:-1","max-image-preview":"max-image-preview:large","max-video-preview":"max-video-preview:-1"},"canonical":"https:\/\/www.cpacorporateservices.com\/es\/noticias\/","og_locale":"es_ES","og_type":"article","og_title":"Noticias - CPA Corporate Services","og_url":"https:\/\/www.cpacorporateservices.com\/es\/noticias\/","og_site_name":"CPA Corporate Services","article_publisher":"https:\/\/www.facebook.com\/CPAcorporateservices\/","article_modified_time":"2026-04-14T10:29:38+00:00","twitter_card":"summary_large_image","schema":{"@context":"https:\/\/schema.org","@graph":[{"@type":"WebPage","@id":"https:\/\/www.cpacorporateservices.com\/es\/noticias\/","url":"https:\/\/www.cpacorporateservices.com\/es\/noticias\/","name":"Noticias - CPA Corporate Services","isPartOf":{"@id":"https:\/\/www.cpacorporateservices.com\/es\/#website"},"datePublished":"2023-04-12T13:34:47+00:00","dateModified":"2026-04-14T10:29:38+00:00","breadcrumb":{"@id":"https:\/\/www.cpacorporateservices.com\/es\/noticias\/#breadcrumb"},"inLanguage":"es","potentialAction":[{"@type":"ReadAction","target":["https:\/\/www.cpacorporateservices.com\/es\/noticias\/"]}]},{"@type":"BreadcrumbList","@id":"https:\/\/www.cpacorporateservices.com\/es\/noticias\/#breadcrumb","itemListElement":[{"@type":"ListItem","position":1,"name":"Home","item":"https:\/\/www.cpacorporateservices.com\/es\/"},{"@type":"ListItem","position":2,"name":"Noticias"}]},{"@type":"WebSite","@id":"https:\/\/www.cpacorporateservices.com\/es\/#website","url":"https:\/\/www.cpacorporateservices.com\/es\/","name":"CPA Corporate Services","description":"A MANAGERIAL APPROACH TO CONSULTING","publisher":{"@id":"https:\/\/www.cpacorporateservices.com\/es\/#organization"},"potentialAction":[{"@type":"SearchAction","target":{"@type":"EntryPoint","urlTemplate":"https:\/\/www.cpacorporateservices.com\/es\/?s={search_term_string}"},"query-input":{"@type":"PropertyValueSpecification","valueRequired":true,"valueName":"search_term_string"}}],"inLanguage":"es"},{"@type":"Organization","@id":"https:\/\/www.cpacorporateservices.com\/es\/#organization","name":"CPA Corporate Services","url":"https:\/\/www.cpacorporateservices.com\/es\/","logo":{"@type":"ImageObject","inLanguage":"es","@id":"https:\/\/www.cpacorporateservices.com\/es\/#\/schema\/logo\/image\/","url":"https:\/\/www.cpacorporateservices.com\/wp-content\/uploads\/2018\/11\/logo-cpa-web.png","contentUrl":"https:\/\/www.cpacorporateservices.com\/wp-content\/uploads\/2018\/11\/logo-cpa-web.png","width":900,"height":533,"caption":"CPA Corporate Services"},"image":{"@id":"https:\/\/www.cpacorporateservices.com\/es\/#\/schema\/logo\/image\/"},"sameAs":["https:\/\/www.facebook.com\/CPAcorporateservices\/","https:\/\/es.linkedin.com\/company\/cpa-corporate-services"]}]}},"_links":{"self":[{"href":"https:\/\/www.cpacorporateservices.com\/es\/wp-json\/wp\/v2\/pages\/11840","targetHints":{"allow":["GET"]}}],"collection":[{"href":"https:\/\/www.cpacorporateservices.com\/es\/wp-json\/wp\/v2\/pages"}],"about":[{"href":"https:\/\/www.cpacorporateservices.com\/es\/wp-json\/wp\/v2\/types\/page"}],"author":[{"embeddable":true,"href":"https:\/\/www.cpacorporateservices.com\/es\/wp-json\/wp\/v2\/users\/4"}],"replies":[{"embeddable":true,"href":"https:\/\/www.cpacorporateservices.com\/es\/wp-json\/wp\/v2\/comments?post=11840"}],"version-history":[{"count":12,"href":"https:\/\/www.cpacorporateservices.com\/es\/wp-json\/wp\/v2\/pages\/11840\/revisions"}],"predecessor-version":[{"id":13081,"href":"https:\/\/www.cpacorporateservices.com\/es\/wp-json\/wp\/v2\/pages\/11840\/revisions\/13081"}],"wp:attachment":[{"href":"https:\/\/www.cpacorporateservices.com\/es\/wp-json\/wp\/v2\/media?parent=11840"}],"curies":[{"name":"wp","href":"https:\/\/api.w.org\/{rel}","templated":true}]}}