{"id":11857,"date":"2023-12-21T18:51:48","date_gmt":"2023-12-21T17:51:48","guid":{"rendered":"https:\/\/cpacorporateservices.dev.sharenow.it\/avisos-legales\/"},"modified":"2026-04-14T12:30:10","modified_gmt":"2026-04-14T10:30:10","slug":"avisos-legales","status":"publish","type":"page","link":"https:\/\/www.cpacorporateservices.com\/es\/avisos-legales\/","title":{"rendered":"Avisos Legales"},"content":{"rendered":"\n<div class=\"et_pb_section_0 et_pb_section et_section_regular et_block_section\"><div class=\"et_pb_row_0 et_pb_row et_block_row\"><div class=\"et_pb_column_0 et_pb_column et_pb_column_4_4 et-last-child et_block_column et_pb_css_mix_blend_mode_passthrough\"><div class=\"et_pb_text_0 et_pb_text et_pb_bg_layout_light et_pb_module et_block_module\"><div class=\"et_pb_text_inner\"><p style=\"text-align: center;\"><span><span><a href=\"https:\/\/www.cpacorporateservices.com\/es\/\">Home<\/a><\/span><\/span><\/p>\n<\/div><\/div><div class=\"et_pb_text_1 et_pb_text et_pb_bg_layout_light et_pb_module et_block_module\"><div class=\"et_pb_text_inner\"><h1 style=\"text-align: center;\">Avisos legales<\/h1>\n<\/div><\/div><\/div><\/div><\/div><div class=\"et_pb_section_1 et_pb_section et_section_regular et_block_section\"><div class=\"et_pb_row_1 et_pb_row et_block_row\"><div class=\"et_pb_column_1 et_pb_column et_pb_column_4_4 et-last-child et_block_column et_pb_css_mix_blend_mode_passthrough\"><div class=\"et_pb_divider_0 et_pb_divider et_pb_space et_pb_divider_position_top et_animated et_pb_module\"><div class=\"et_pb_divider_internal\"><\/div><\/div><div class=\"et_pb_text_2 et_pb_text et_pb_bg_layout_light et_pb_module et_block_module\"><div class=\"et_pb_text_inner\"><p><strong>Aviso legal del sitio web de CONSULTANTES Y CONTADORES PROFESIONALES, S.L.<\/strong><\/p>\n<p>En cumplimiento de la Ley 34\/2002, de 11 de julio, de Servicios de la Sociedad de la Informaci\u00f3n y de Comercio Electr\u00f3nico, se informa al Usuario que el titular del sitio web www.cpacorporateservices.com es la empresa CONSULTANTES Y CONTADORES PROFESIONALES, S.L., y sus datos identificativos son como sigue:<\/p>\n<p>Sede: C\/Rossell\u00f3, numero 186, 3\u00ba-5\u00aa<\/p>\n<p>CAP: 08008<\/p>\n<p>Ciudad: Barcelona<\/p>\n<p>Provincia: Barcelona<\/p>\n<p>CIF: B63922843<\/p>\n<p>Email: info@cpacorporateservices.com<\/p>\n<p>Datos registrales: La sociedad est\u00e1 inscrita en el Registro Mercantil de Barcelona al tomo 38.158, folio 64 y hoja n\u00famero B311873.<\/p>\n<ol>\n<li><strong> ACCESO AL SITIO WEB:<\/strong><\/li>\n<\/ol>\n<p>El Aviso Legal regula el acceso y uso de los Usuarios al sitio web y tiene como objetivo dar a conocer los servicios y productos de la entidad y permitir el acceso general a todos los usuarios de Internet.<\/p>\n<p>El acceso y\/o utilizaci\u00f3n del sitio atribuye a quien lo realiza la condici\u00f3n de Usuario y la aceptaci\u00f3n, sin reservas de ning\u00fan tipo, de todas y cada una de las presentes condiciones generales, as\u00ed como de las particulares que, en su caso, regulan el uso del Portal o de los servicios conectados al mismo.<\/p>\n<p>El usuario deber\u00e1 leer atentamente el Aviso Legal y las Pol\u00edticas de Privacidad y de Cookies cuando se proponga utilizar el Sitio Web, ya que CONSULTORES Y CONTADORES PROFESIONALES, S.L. se reserva el derecho de realizar, en cualquier momento y sin previo aviso, cualquier modificaci\u00f3n o actualizaci\u00f3n de los contenidos y servicios, de las presentes condiciones de acceso y uso y, en general, de todos los elementos que integran el dise\u00f1o y configuraci\u00f3n de su sitio web. Si no acepta las condiciones de acceso y uso, por favor abst\u00e9ngase de utilizar el sitio web y sus contenidos. <\/p>\n<ol start=\"2\">\n<li><strong> USO DEL SITIO WEB:<\/strong><\/li>\n<\/ol>\n<p>El Usuario se compromete a hacer un uso diligente del Sitio Web, as\u00ed como de la informaci\u00f3n relativa a sus servicios y\/o actividades, con pleno cumplimiento de la normativa aplicable, as\u00ed como de la moral y buenas costumbres generalmente aceptadas y del orden p\u00fablico, condiciones de acceso y uso. y cualesquiera otras condiciones establecidas para el sitio web.<\/p>\n<p>Adem\u00e1s, te comprometes a abstenerte de utilizar cualquier contenido con fines o efectos il\u00edcitos, prohibidos por el presente texto, lesivos de los derechos e intereses de terceros, o que de cualquier forma puedan da\u00f1ar, inutilizar, sobrecargar, deteriorar o impedir la normal utilizaci\u00f3n de los contenidos, otros Usuarios o cualquier usuario de Internet (hardware y software).<\/p>\n<ol start=\"3\">\n<li><strong> FUNCIONAMIENTO DEL SITIO WEB:<\/strong><\/li>\n<\/ol>\n<p>En caso de incumplimiento de las condiciones del Aviso Legal o de las Pol\u00edticas de Privacidad y de Cookies, CONSULTANTES Y CONTADORES PROFESIONALES, S.L. se reserva el derecho de limitar, suspender y\/o excluir el acceso a su Sitio Web, adoptando cuantas medidas t\u00e9cnicas sean necesarias a tal efecto. CONSULTORES Y CONTADORES PROFESIONALES, S.L. har\u00e1 todo lo posible para mantener el Sitio Web en buen funcionamiento, evitando errores o repar\u00e1ndolos y manteniendo los contenidos actualizados. No obstante, CONSULTORES Y CONTADORES PROFESIONALES, S.L. no garantiza la disponibilidad y continuidad del acceso al Sitio Web ni la ausencia de errores en los contenidos.  <\/p>\n<ol start=\"4\">\n<li><strong> RESPONSABILIDAD:<\/strong><\/li>\n<\/ol>\n<p>El Usuario es el \u00fanico responsable del uso que pueda hacer de cualquier informaci\u00f3n o mecanismo del Sitio Web.<\/p>\n<p>CONSULTORES Y CONTADORES PROFESIONALES, S.L. no ser\u00e1 responsable de ning\u00fan da\u00f1o al hardware y\/o software del Usuario derivados del acceso y uso del Sitio Web, as\u00ed como de los da\u00f1os y\/o perjuicios que pudieran derivarse del acceso y\/o del uso del Sitio Web. informaci\u00f3n del Sitio Web, y en particular aquellas que puedan producirse en los sistemas inform\u00e1ticos o producidas por virus\/ciberataques, fallos, interrupciones, ausencia o defecto en las comunicaciones y\/o en Internet. <\/p>\n<p>El Usuario ser\u00e1 responsable de los da\u00f1os y\/o p\u00e9rdidas que CONSULTANTES Y CONTADORES PROFESIONALES, S.L. pueda sufrir como consecuencia del incumplimiento de cualquier obligaci\u00f3n a la que queda sujeto a trav\u00e9s de este Aviso Legal, la normativa aplicable y la Pol\u00edtica de Privacidad y de Cookies.<\/p>\n<ol start=\"5\">\n<li><strong> POL\u00cdTICA SOBRE \u201cENLACES\u201d (SITIO WEB QUE REALIZA EL ENLACE Y SITIO WEB QUE RECIBE EL ENLACE):<\/strong><\/li>\n<li>a) Enlace al sitio web:<\/li>\n<\/ol>\n<p>Los terceros que pretendan introducir en una p\u00e1gina web un enlace a este sitio web deber\u00e1n cumplir con la legislaci\u00f3n vigente y no podr\u00e1n alojar contenidos inapropiados, il\u00edcitos, pornogr\u00e1ficos, violentos, etc.<\/p>\n<p>En ning\u00fan caso CONSULTANTES Y CONTADORES PROFESIONALES, S.L. asume responsabilidad por los contenidos del Sitio Web, ni promociona, garantiza, supervisa o recomienda sus contenidos.<\/p>\n<p>Si el Sitio Web enlazante infringe cualquiera de los aspectos antes mencionados estar\u00e1 obligado a eliminar el enlace de forma inmediata.<\/p>\n<ol>\n<li>b) Sitio web que recibe el enlace:<\/li>\n<\/ol>\n<p>Este Sitio Web puede incluir enlaces a p\u00e1ginas web de terceros que permitan al Usuario acceder a las mismas. No obstante, CONSULTORES Y CONTADORES PROFESIONALES, S.L. no es responsable de los contenidos de dichos sitios web enlazados, y ser\u00e1 su responsabilidad aceptar y verificar el acceso cada vez que acceda. <\/p>\n<p>Dichos enlaces o menciones tienen un prop\u00f3sito que no implica respaldo, aprobaci\u00f3n, marketing o cualquier relaci\u00f3n entre el sitio web y las personas o entidades propietarias de las ubicaciones en las que se encuentran.<\/p>\n<ol start=\"6\">\n<li><strong> PROPIEDAD INTELECTUAL E INDUSTRIAL DE LOS CONTENIDOS:<\/strong><\/li>\n<\/ol>\n<p>CONSULTORES Y CONTADORES PROFESIONALES, S.L. o sus licenciantes son titulares de todos los derechos de propiedad intelectual sobre los Contenidos del Sitio Web, incluyendo como tales todos los dise\u00f1os subyacentes, bases de datos, programas inform\u00e1ticos (incluido el c\u00f3digo fuente), as\u00ed como los diferentes elementos que integran el Sitio Web (textos, gr\u00e1ficos, fotograf\u00edas, v\u00eddeos, colores, etc.), estructura, orden, etc. En cuanto a las marcas y nombres comerciales (\u201csignos distintivos\u201d), son propiedad de CONSULTANTS AND PROFESSIONAL CONTABLEANTS, S.L. o sus licenciantes.<\/p>\n<p>La utilizaci\u00f3n del Sitio Web por parte del Usuario no implica la transferencia de ning\u00fan derecho de propiedad intelectual o industrial. El Usuario tiene absolutamente prohibida la reproducci\u00f3n, copia, distribuci\u00f3n, puesta a disposici\u00f3n o comunicaci\u00f3n p\u00fablica, transformaci\u00f3n o modificaci\u00f3n de los Contenidos o de las Marcas Distintivas, salvo autorizaci\u00f3n del titular de los correspondientes derechos o si ello est\u00e1 legalmente permitido. <\/p>\n<ol start=\"7\">\n<li><strong> PUBLICIDAD:<\/strong><\/li>\n<\/ol>\n<p>Puede haber publicidad o contenido patrocinado en el sitio web. Los anunciantes o patrocinadores son los \u00fanicos responsables de garantizar que el material enviado para su inclusi\u00f3n en el Sitio Web cumple con las leyes aplicables en cada caso. <\/p>\n<p>CONSULTORES Y CONTADORES PROFESIONALES, S.L. no ser\u00e1 responsable de los errores, inexactitudes o irregularidades que puedan contener los contenidos publicitarios o de los patrocinadores.<\/p>\n<ol start=\"8\">\n<li><strong> LEY APLICABLE:<\/strong><\/li>\n<\/ol>\n<p>El Aviso Legal se regir\u00e1 e interpretar\u00e1 de conformidad con la legislaci\u00f3n espa\u00f1ola.<\/p>\n<p>Para la resoluci\u00f3n de cualquier conflicto derivado del acceso al sitio web ser\u00e1n competentes los juzgados o tribunales correspondientes de conformidad con la legislaci\u00f3n de consumidores y usuarios.<\/p>\n<ol start=\"9\">\n<li><strong> CONTACTO:<\/strong><\/li>\n<\/ol>\n<p>Si tiene alguna duda o comentario sobre el presente aviso legal, puede contactar con nosotros v\u00eda correo electr\u00f3nico a info@cpacorporateservices.com.<\/p>\n<\/div><\/div><\/div><\/div><\/div>\n","protected":false},"excerpt":{"rendered":"","protected":false},"author":4,"featured_media":11738,"parent":0,"menu_order":0,"comment_status":"closed","ping_status":"closed","template":"","meta":{"footnotes":""},"class_list":["post-11857","page","type-page","status-publish","has-post-thumbnail","hentry"],"yoast_head":"<!-- This site is optimized with the Yoast SEO plugin v27.4 - https:\/\/yoast.com\/product\/yoast-seo-wordpress\/ -->\n<title>Avisos Legales - CPA Corporate Services<\/title>\n<meta name=\"robots\" content=\"index, follow, max-snippet:-1, max-image-preview:large, max-video-preview:-1\" \/>\n<link rel=\"canonical\" href=\"https:\/\/www.cpacorporateservices.com\/es\/avisos-legales\/\" \/>\n<meta property=\"og:locale\" content=\"es_ES\" \/>\n<meta property=\"og:type\" content=\"article\" \/>\n<meta property=\"og:title\" content=\"Avisos Legales - CPA Corporate Services\" \/>\n<meta property=\"og:url\" content=\"https:\/\/www.cpacorporateservices.com\/es\/avisos-legales\/\" \/>\n<meta property=\"og:site_name\" content=\"CPA Corporate Services\" \/>\n<meta property=\"article:publisher\" content=\"https:\/\/www.facebook.com\/CPAcorporateservices\/\" \/>\n<meta property=\"article:modified_time\" content=\"2026-04-14T10:30:10+00:00\" \/>\n<meta property=\"og:image\" content=\"https:\/\/www.cpacorporateservices.com\/wp-content\/uploads\/2023\/12\/Note-legali.jpg\" \/>\n\t<meta property=\"og:image:width\" content=\"1000\" \/>\n\t<meta property=\"og:image:height\" content=\"667\" \/>\n\t<meta property=\"og:image:type\" content=\"image\/jpeg\" \/>\n<meta name=\"twitter:card\" content=\"summary_large_image\" \/>\n<script type=\"application\/ld+json\" class=\"yoast-schema-graph\">{\"@context\":\"https:\\\/\\\/schema.org\",\"@graph\":[{\"@type\":\"WebPage\",\"@id\":\"https:\\\/\\\/www.cpacorporateservices.com\\\/es\\\/avisos-legales\\\/\",\"url\":\"https:\\\/\\\/www.cpacorporateservices.com\\\/es\\\/avisos-legales\\\/\",\"name\":\"Avisos Legales - CPA Corporate Services\",\"isPartOf\":{\"@id\":\"https:\\\/\\\/www.cpacorporateservices.com\\\/es\\\/#website\"},\"primaryImageOfPage\":{\"@id\":\"https:\\\/\\\/www.cpacorporateservices.com\\\/es\\\/avisos-legales\\\/#primaryimage\"},\"image\":{\"@id\":\"https:\\\/\\\/www.cpacorporateservices.com\\\/es\\\/avisos-legales\\\/#primaryimage\"},\"thumbnailUrl\":\"https:\\\/\\\/www.cpacorporateservices.com\\\/wp-content\\\/uploads\\\/2023\\\/12\\\/Note-legali.jpg\",\"datePublished\":\"2023-12-21T17:51:48+00:00\",\"dateModified\":\"2026-04-14T10:30:10+00:00\",\"breadcrumb\":{\"@id\":\"https:\\\/\\\/www.cpacorporateservices.com\\\/es\\\/avisos-legales\\\/#breadcrumb\"},\"inLanguage\":\"es\",\"potentialAction\":[{\"@type\":\"ReadAction\",\"target\":[\"https:\\\/\\\/www.cpacorporateservices.com\\\/es\\\/avisos-legales\\\/\"]}]},{\"@type\":\"ImageObject\",\"inLanguage\":\"es\",\"@id\":\"https:\\\/\\\/www.cpacorporateservices.com\\\/es\\\/avisos-legales\\\/#primaryimage\",\"url\":\"https:\\\/\\\/www.cpacorporateservices.com\\\/wp-content\\\/uploads\\\/2023\\\/12\\\/Note-legali.jpg\",\"contentUrl\":\"https:\\\/\\\/www.cpacorporateservices.com\\\/wp-content\\\/uploads\\\/2023\\\/12\\\/Note-legali.jpg\",\"width\":1000,\"height\":667},{\"@type\":\"BreadcrumbList\",\"@id\":\"https:\\\/\\\/www.cpacorporateservices.com\\\/es\\\/avisos-legales\\\/#breadcrumb\",\"itemListElement\":[{\"@type\":\"ListItem\",\"position\":1,\"name\":\"Home\",\"item\":\"https:\\\/\\\/www.cpacorporateservices.com\\\/es\\\/\"},{\"@type\":\"ListItem\",\"position\":2,\"name\":\"Avisos Legales\"}]},{\"@type\":\"WebSite\",\"@id\":\"https:\\\/\\\/www.cpacorporateservices.com\\\/es\\\/#website\",\"url\":\"https:\\\/\\\/www.cpacorporateservices.com\\\/es\\\/\",\"name\":\"CPA Corporate Services\",\"description\":\"A MANAGERIAL APPROACH TO CONSULTING\",\"publisher\":{\"@id\":\"https:\\\/\\\/www.cpacorporateservices.com\\\/es\\\/#organization\"},\"potentialAction\":[{\"@type\":\"SearchAction\",\"target\":{\"@type\":\"EntryPoint\",\"urlTemplate\":\"https:\\\/\\\/www.cpacorporateservices.com\\\/es\\\/?s={search_term_string}\"},\"query-input\":{\"@type\":\"PropertyValueSpecification\",\"valueRequired\":true,\"valueName\":\"search_term_string\"}}],\"inLanguage\":\"es\"},{\"@type\":\"Organization\",\"@id\":\"https:\\\/\\\/www.cpacorporateservices.com\\\/es\\\/#organization\",\"name\":\"CPA Corporate Services\",\"url\":\"https:\\\/\\\/www.cpacorporateservices.com\\\/es\\\/\",\"logo\":{\"@type\":\"ImageObject\",\"inLanguage\":\"es\",\"@id\":\"https:\\\/\\\/www.cpacorporateservices.com\\\/es\\\/#\\\/schema\\\/logo\\\/image\\\/\",\"url\":\"https:\\\/\\\/www.cpacorporateservices.com\\\/wp-content\\\/uploads\\\/2018\\\/11\\\/logo-cpa-web.png\",\"contentUrl\":\"https:\\\/\\\/www.cpacorporateservices.com\\\/wp-content\\\/uploads\\\/2018\\\/11\\\/logo-cpa-web.png\",\"width\":900,\"height\":533,\"caption\":\"CPA Corporate Services\"},\"image\":{\"@id\":\"https:\\\/\\\/www.cpacorporateservices.com\\\/es\\\/#\\\/schema\\\/logo\\\/image\\\/\"},\"sameAs\":[\"https:\\\/\\\/www.facebook.com\\\/CPAcorporateservices\\\/\",\"https:\\\/\\\/es.linkedin.com\\\/company\\\/cpa-corporate-services\"]}]}<\/script>\n<!-- \/ Yoast SEO plugin. -->","yoast_head_json":{"title":"Avisos Legales - CPA Corporate Services","robots":{"index":"index","follow":"follow","max-snippet":"max-snippet:-1","max-image-preview":"max-image-preview:large","max-video-preview":"max-video-preview:-1"},"canonical":"https:\/\/www.cpacorporateservices.com\/es\/avisos-legales\/","og_locale":"es_ES","og_type":"article","og_title":"Avisos Legales - CPA Corporate Services","og_url":"https:\/\/www.cpacorporateservices.com\/es\/avisos-legales\/","og_site_name":"CPA Corporate Services","article_publisher":"https:\/\/www.facebook.com\/CPAcorporateservices\/","article_modified_time":"2026-04-14T10:30:10+00:00","og_image":[{"width":1000,"height":667,"url":"https:\/\/www.cpacorporateservices.com\/wp-content\/uploads\/2023\/12\/Note-legali.jpg","type":"image\/jpeg"}],"twitter_card":"summary_large_image","schema":{"@context":"https:\/\/schema.org","@graph":[{"@type":"WebPage","@id":"https:\/\/www.cpacorporateservices.com\/es\/avisos-legales\/","url":"https:\/\/www.cpacorporateservices.com\/es\/avisos-legales\/","name":"Avisos Legales - CPA Corporate Services","isPartOf":{"@id":"https:\/\/www.cpacorporateservices.com\/es\/#website"},"primaryImageOfPage":{"@id":"https:\/\/www.cpacorporateservices.com\/es\/avisos-legales\/#primaryimage"},"image":{"@id":"https:\/\/www.cpacorporateservices.com\/es\/avisos-legales\/#primaryimage"},"thumbnailUrl":"https:\/\/www.cpacorporateservices.com\/wp-content\/uploads\/2023\/12\/Note-legali.jpg","datePublished":"2023-12-21T17:51:48+00:00","dateModified":"2026-04-14T10:30:10+00:00","breadcrumb":{"@id":"https:\/\/www.cpacorporateservices.com\/es\/avisos-legales\/#breadcrumb"},"inLanguage":"es","potentialAction":[{"@type":"ReadAction","target":["https:\/\/www.cpacorporateservices.com\/es\/avisos-legales\/"]}]},{"@type":"ImageObject","inLanguage":"es","@id":"https:\/\/www.cpacorporateservices.com\/es\/avisos-legales\/#primaryimage","url":"https:\/\/www.cpacorporateservices.com\/wp-content\/uploads\/2023\/12\/Note-legali.jpg","contentUrl":"https:\/\/www.cpacorporateservices.com\/wp-content\/uploads\/2023\/12\/Note-legali.jpg","width":1000,"height":667},{"@type":"BreadcrumbList","@id":"https:\/\/www.cpacorporateservices.com\/es\/avisos-legales\/#breadcrumb","itemListElement":[{"@type":"ListItem","position":1,"name":"Home","item":"https:\/\/www.cpacorporateservices.com\/es\/"},{"@type":"ListItem","position":2,"name":"Avisos Legales"}]},{"@type":"WebSite","@id":"https:\/\/www.cpacorporateservices.com\/es\/#website","url":"https:\/\/www.cpacorporateservices.com\/es\/","name":"CPA Corporate Services","description":"A MANAGERIAL APPROACH TO CONSULTING","publisher":{"@id":"https:\/\/www.cpacorporateservices.com\/es\/#organization"},"potentialAction":[{"@type":"SearchAction","target":{"@type":"EntryPoint","urlTemplate":"https:\/\/www.cpacorporateservices.com\/es\/?s={search_term_string}"},"query-input":{"@type":"PropertyValueSpecification","valueRequired":true,"valueName":"search_term_string"}}],"inLanguage":"es"},{"@type":"Organization","@id":"https:\/\/www.cpacorporateservices.com\/es\/#organization","name":"CPA Corporate Services","url":"https:\/\/www.cpacorporateservices.com\/es\/","logo":{"@type":"ImageObject","inLanguage":"es","@id":"https:\/\/www.cpacorporateservices.com\/es\/#\/schema\/logo\/image\/","url":"https:\/\/www.cpacorporateservices.com\/wp-content\/uploads\/2018\/11\/logo-cpa-web.png","contentUrl":"https:\/\/www.cpacorporateservices.com\/wp-content\/uploads\/2018\/11\/logo-cpa-web.png","width":900,"height":533,"caption":"CPA Corporate Services"},"image":{"@id":"https:\/\/www.cpacorporateservices.com\/es\/#\/schema\/logo\/image\/"},"sameAs":["https:\/\/www.facebook.com\/CPAcorporateservices\/","https:\/\/es.linkedin.com\/company\/cpa-corporate-services"]}]}},"_links":{"self":[{"href":"https:\/\/www.cpacorporateservices.com\/es\/wp-json\/wp\/v2\/pages\/11857","targetHints":{"allow":["GET"]}}],"collection":[{"href":"https:\/\/www.cpacorporateservices.com\/es\/wp-json\/wp\/v2\/pages"}],"about":[{"href":"https:\/\/www.cpacorporateservices.com\/es\/wp-json\/wp\/v2\/types\/page"}],"author":[{"embeddable":true,"href":"https:\/\/www.cpacorporateservices.com\/es\/wp-json\/wp\/v2\/users\/4"}],"replies":[{"embeddable":true,"href":"https:\/\/www.cpacorporateservices.com\/es\/wp-json\/wp\/v2\/comments?post=11857"}],"version-history":[{"count":12,"href":"https:\/\/www.cpacorporateservices.com\/es\/wp-json\/wp\/v2\/pages\/11857\/revisions"}],"predecessor-version":[{"id":13111,"href":"https:\/\/www.cpacorporateservices.com\/es\/wp-json\/wp\/v2\/pages\/11857\/revisions\/13111"}],"wp:featuredmedia":[{"embeddable":true,"href":"https:\/\/www.cpacorporateservices.com\/es\/wp-json\/wp\/v2\/media\/11738"}],"wp:attachment":[{"href":"https:\/\/www.cpacorporateservices.com\/es\/wp-json\/wp\/v2\/media?parent=11857"}],"curies":[{"name":"wp","href":"https:\/\/api.w.org\/{rel}","templated":true}]}}