{"id":11139,"date":"2023-12-21T18:27:43","date_gmt":"2023-12-21T17:27:43","guid":{"rendered":"https:\/\/cpacorporateservices.dev.sharenow.it\/?page_id=11139"},"modified":"2026-04-14T12:30:07","modified_gmt":"2026-04-14T10:30:07","slug":"responsabilita-sociale-dimpresa","status":"publish","type":"page","link":"https:\/\/www.cpacorporateservices.com\/it\/responsabilita-sociale-dimpresa\/","title":{"rendered":"Responsabilit\u00e0 Sociale d\u2019Impresa"},"content":{"rendered":"\n<div class=\"et_pb_section_0 et_pb_section et_section_regular et_block_section\"><div class=\"et_pb_row_0 et_pb_row et_block_row\"><div class=\"et_pb_column_0 et_pb_column et_pb_column_4_4 et-last-child et_block_column et_pb_css_mix_blend_mode_passthrough\"><div class=\"et_pb_text_0 et_pb_text et_pb_bg_layout_light et_pb_module et_block_module\"><div class=\"et_pb_text_inner\"><p style=\"text-align: center;\"><span><span><a href=\"https:\/\/www.cpacorporateservices.com\/it\/\">Home<\/a><\/span><\/span><\/p>\n<\/div><\/div><div class=\"et_pb_text_1 et_pb_text et_pb_bg_layout_light et_pb_module et_block_module\"><div class=\"et_pb_text_inner\"><h1 style=\"text-align: center;\">Responsabilit\u00e0 Sociale D\u2019Impresa<\/h1>\n<\/div><\/div><\/div><\/div><\/div><div class=\"et_pb_section_1 et_pb_section et_section_regular et_block_section\"><div class=\"et_pb_row_1 et_pb_row et_block_row\"><div class=\"et_pb_column_1 et_pb_column et_pb_column_3_5 et_block_column et_pb_css_mix_blend_mode_passthrough\"><div class=\"et_pb_divider_0 et_pb_divider et_pb_space et_pb_divider_position_top et_animated et_pb_module\"><div class=\"et_pb_divider_internal\"><\/div><\/div><div class=\"et_pb_text_2 et_pb_text et_pb_bg_layout_light et_pb_module et_block_module\"><div class=\"et_pb_text_inner\"><h2 class=\"main-title bigTitle\" id=\"mission-di-riduzione-degli-sprechi-alimentari\">Dichiarazione di missione della CSR<\/h2>\n<p>&nbsp;<\/p>\n<p>Noi di CPA Corporate Services ci impegniamo ad avere un impatto positivo sulla societ\u00e0 e sull\u2019ambiente. Crediamo che, in quanto cittadini e imprenditori responsabili, abbiamo il dovere di contribuire al benessere delle comunit\u00e0 che serviamo e a migliorare il mondo in cui viviamo. Le nostre iniziative di CSR si concentrano su diverse aree chiave:<\/p>\n<p><strong><u>Sostenibilit\u00e0 Ambientale<\/u><\/strong><br \/>Ci impegniamo a ridurre al minimo la nostra impronta ambientale e a promuovere la sostenibilit\u00e0. Attraverso le nostre iniziative, puntiamo a ridurre il consumo energetico, a ottimizzare la gestione dei rifiuti e ad adottare pratiche eco-compatibili in tutte le nostre attivit\u00e0. Sosteniamo attivamente le fonti di energia rinnovabili e ci sforziamo di utilizzare materiali sostenibili nei nostri processi.<\/p>\n<p><strong><u>Coinvolgimento della Comunit\u00e0<\/u><\/strong><br \/>Apprezziamo le comunit\u00e0 in cui operiamo e ci impegniamo attivamente in iniziative che contribuiscono al suo sviluppo e benessere. I nostri professionisti sono incoraggiati a dedicare il loro tempo e le loro competenze a organizzazioni locali di volontariato. Collaboriamo inoltre con partner anche istituzionali per affrontare questioni sociali, sostenere programmi educativi e promuovere la crescita economica sostenibile.<\/p>\n<p><strong><u>Benessere delle Risorse<\/u><\/strong><br \/>Crediamo che le nostre risorse umane siano il nostro bene pi\u00f9 prezioso. Diamo priorit\u00e0 al loro benessere promuovendo un ambiente di lavoro organizzato e piacevole, offriamo benefit e promuoviamo la conciliazione familiare. Inoltre diamo sempre opportunit\u00e0 di sviluppo e cresita professionale attraverso corsi di aggiornamento e programmi di formazione continuata con istituti educativi di riconosciuto prestigio.<\/p>\n<p><strong><u>Pratiche Commerciali Etiche<\/u><\/strong><br \/>L\u2019integrit\u00e0 \u00e8 al centro di tutto ci\u00f2 che facciamo. Conduciamo la nostra attivit\u00e0 con i pi\u00f9 alti standard etici, garantendo equit\u00e0, trasparenza e responsabilit\u00e0. Abbracciamo la diversit\u00e0 e l\u2019inclusione, promuovendo le pari opportunit\u00e0 per tutti. Il nostro impegno per una condotta etica si estende anche ai nostri collaboratori e fornitori, direzione nella quale diamo priorit\u00e0 alle pratiche di commercio equo e solidale e al rispetto dei diritti umani.<\/p>\n<p><strong><u>Misurazione e Rendicontazione<\/u><\/strong><br \/>Crediamo nella trasparenza e nella responsabilit\u00e0. Misuriamo e diamo conto regolarmente sulle nostre attivit\u00e0 e progressi in materia di CSR. Stabilendo obiettivi misurabili e monitorando i nostri risultati, garantiamo un miglioramento continuo delle nostre pratiche di CSR.<\/p>\n<p><strong><u>Partecipa<\/u><\/strong><br \/>Vi invitiamo a partecipare alle nostre iniziative di CSR. Che siate organizzazioni istituzionali o private, o anche semplicemente cittadini della nostra comunit\u00e0, ci sono vari modi per collaborare e avere un impatto positivo insieme. Contattateci per saperne di pi\u00f9, per esplorare le opportunit\u00e0 di partnership o per partecipare ai nostri programmi di volontariato. Integrando la responsabilit\u00e0 sociale d\u2019impresa nei nostri valori fondamentali, ci sforziamo di creare un futuro sostenibile e di essere una forza di cambiamento positivo. Insieme, possiamo fare la differenza.<\/p>\n<\/div><\/div><\/div><div class=\"et_pb_column_2 et_pb_column et_pb_column_2_5 et-last-child et_block_column et_pb_css_mix_blend_mode_passthrough\"><div class=\"et_pb_image_0 et_pb_image et_pb_module et_block_module\"><span class=\"et_pb_image_wrap\"><img loading=\"lazy\" decoding=\"async\" src=\"https:\/\/www.cpacorporateservices.com\/wp-content\/uploads\/2023\/12\/Responsabilita-sociale-impresa.jpg\" width=\"658\" height=\"1000\" srcset=\"https:\/\/www.cpacorporateservices.com\/wp-content\/uploads\/2023\/12\/Responsabilita-sociale-impresa.jpg 658w, https:\/\/www.cpacorporateservices.com\/wp-content\/uploads\/2023\/12\/Responsabilita-sociale-impresa-480x729.jpg 480w\" sizes=\"(min-width: 0px) and (max-width: 480px) 480px, (min-width: 481px) 658px, 100vw\" class=\"wp-image-11143\" title=\"Executive,Press,Virtual,Screen-&quot;social,Responsibility,Word,Cloud,Arrangement&quot;\" alt=\"PASTICCERIA STAZIONE CENTRALE MILANO - PASTICCERIA STORICA ROVIDA\" \/><\/span><\/div><div class=\"et_pb_module et_pb_button_module_wrapper et_pb_button_0_wrapper\"><a class=\"et_pb_button_0 et_pb_button et_pb_bg_layout_light et_pb_module et_block_module\" href=\"#scrivici\">Vuoi saperne di pi\u00f9?<\/a><\/div><\/div><\/div><\/div>\n","protected":false},"excerpt":{"rendered":"","protected":false},"author":4,"featured_media":11140,"parent":0,"menu_order":0,"comment_status":"closed","ping_status":"closed","template":"","meta":{"footnotes":""},"class_list":["post-11139","page","type-page","status-publish","has-post-thumbnail","hentry"],"yoast_head":"<!-- This site is optimized with the Yoast SEO plugin v27.5 - https:\/\/yoast.com\/product\/yoast-seo-wordpress\/ -->\n<title>Responsabilit\u00e0 Sociale d\u2019Impresa - CPA Corporate Services<\/title>\n<meta name=\"robots\" content=\"index, follow, max-snippet:-1, max-image-preview:large, max-video-preview:-1\" \/>\n<link rel=\"canonical\" href=\"https:\/\/www.cpacorporateservices.com\/it\/responsabilita-sociale-dimpresa\/\" \/>\n<meta property=\"og:locale\" content=\"it_IT\" \/>\n<meta property=\"og:type\" content=\"article\" \/>\n<meta property=\"og:title\" content=\"Responsabilit\u00e0 Sociale d\u2019Impresa - CPA Corporate Services\" \/>\n<meta property=\"og:url\" content=\"https:\/\/www.cpacorporateservices.com\/it\/responsabilita-sociale-dimpresa\/\" \/>\n<meta property=\"og:site_name\" content=\"CPA Corporate Services\" \/>\n<meta property=\"article:publisher\" content=\"https:\/\/www.facebook.com\/CPAcorporateservices\/\" \/>\n<meta property=\"article:modified_time\" content=\"2026-04-14T10:30:07+00:00\" \/>\n<meta property=\"og:image\" content=\"https:\/\/www.cpacorporateservices.com\/wp-content\/uploads\/2023\/12\/CSR.jpg\" \/>\n\t<meta property=\"og:image:width\" content=\"1920\" \/>\n\t<meta property=\"og:image:height\" content=\"1280\" \/>\n\t<meta property=\"og:image:type\" content=\"image\/jpeg\" \/>\n<meta name=\"twitter:card\" content=\"summary_large_image\" \/>\n<meta name=\"twitter:label1\" content=\"Tempo di lettura stimato\" \/>\n\t<meta name=\"twitter:data1\" content=\"2 minuti\" \/>\n<script type=\"application\/ld+json\" class=\"yoast-schema-graph\">{\"@context\":\"https:\\\/\\\/schema.org\",\"@graph\":[{\"@type\":\"WebPage\",\"@id\":\"https:\\\/\\\/www.cpacorporateservices.com\\\/it\\\/responsabilita-sociale-dimpresa\\\/\",\"url\":\"https:\\\/\\\/www.cpacorporateservices.com\\\/it\\\/responsabilita-sociale-dimpresa\\\/\",\"name\":\"Responsabilit\u00e0 Sociale d\u2019Impresa - CPA Corporate Services\",\"isPartOf\":{\"@id\":\"https:\\\/\\\/www.cpacorporateservices.com\\\/it\\\/#website\"},\"primaryImageOfPage\":{\"@id\":\"https:\\\/\\\/www.cpacorporateservices.com\\\/it\\\/responsabilita-sociale-dimpresa\\\/#primaryimage\"},\"image\":{\"@id\":\"https:\\\/\\\/www.cpacorporateservices.com\\\/it\\\/responsabilita-sociale-dimpresa\\\/#primaryimage\"},\"thumbnailUrl\":\"https:\\\/\\\/www.cpacorporateservices.com\\\/wp-content\\\/uploads\\\/2023\\\/12\\\/CSR.jpg\",\"datePublished\":\"2023-12-21T17:27:43+00:00\",\"dateModified\":\"2026-04-14T10:30:07+00:00\",\"breadcrumb\":{\"@id\":\"https:\\\/\\\/www.cpacorporateservices.com\\\/it\\\/responsabilita-sociale-dimpresa\\\/#breadcrumb\"},\"inLanguage\":\"it-IT\",\"potentialAction\":[{\"@type\":\"ReadAction\",\"target\":[\"https:\\\/\\\/www.cpacorporateservices.com\\\/it\\\/responsabilita-sociale-dimpresa\\\/\"]}]},{\"@type\":\"ImageObject\",\"inLanguage\":\"it-IT\",\"@id\":\"https:\\\/\\\/www.cpacorporateservices.com\\\/it\\\/responsabilita-sociale-dimpresa\\\/#primaryimage\",\"url\":\"https:\\\/\\\/www.cpacorporateservices.com\\\/wp-content\\\/uploads\\\/2023\\\/12\\\/CSR.jpg\",\"contentUrl\":\"https:\\\/\\\/www.cpacorporateservices.com\\\/wp-content\\\/uploads\\\/2023\\\/12\\\/CSR.jpg\",\"width\":1920,\"height\":1280},{\"@type\":\"BreadcrumbList\",\"@id\":\"https:\\\/\\\/www.cpacorporateservices.com\\\/it\\\/responsabilita-sociale-dimpresa\\\/#breadcrumb\",\"itemListElement\":[{\"@type\":\"ListItem\",\"position\":1,\"name\":\"Home\",\"item\":\"https:\\\/\\\/www.cpacorporateservices.com\\\/it\\\/\"},{\"@type\":\"ListItem\",\"position\":2,\"name\":\"Responsabilit\u00e0 Sociale d\u2019Impresa\"}]},{\"@type\":\"WebSite\",\"@id\":\"https:\\\/\\\/www.cpacorporateservices.com\\\/it\\\/#website\",\"url\":\"https:\\\/\\\/www.cpacorporateservices.com\\\/it\\\/\",\"name\":\"CPA Corporate Services\",\"description\":\"A MANAGERIAL APPROACH TO CONSULTING\",\"publisher\":{\"@id\":\"https:\\\/\\\/www.cpacorporateservices.com\\\/it\\\/#organization\"},\"potentialAction\":[{\"@type\":\"SearchAction\",\"target\":{\"@type\":\"EntryPoint\",\"urlTemplate\":\"https:\\\/\\\/www.cpacorporateservices.com\\\/it\\\/?s={search_term_string}\"},\"query-input\":{\"@type\":\"PropertyValueSpecification\",\"valueRequired\":true,\"valueName\":\"search_term_string\"}}],\"inLanguage\":\"it-IT\"},{\"@type\":\"Organization\",\"@id\":\"https:\\\/\\\/www.cpacorporateservices.com\\\/it\\\/#organization\",\"name\":\"CPA Corporate Services\",\"url\":\"https:\\\/\\\/www.cpacorporateservices.com\\\/it\\\/\",\"logo\":{\"@type\":\"ImageObject\",\"inLanguage\":\"it-IT\",\"@id\":\"https:\\\/\\\/www.cpacorporateservices.com\\\/it\\\/#\\\/schema\\\/logo\\\/image\\\/\",\"url\":\"https:\\\/\\\/www.cpacorporateservices.com\\\/wp-content\\\/uploads\\\/2018\\\/11\\\/logo-cpa-web.png\",\"contentUrl\":\"https:\\\/\\\/www.cpacorporateservices.com\\\/wp-content\\\/uploads\\\/2018\\\/11\\\/logo-cpa-web.png\",\"width\":900,\"height\":533,\"caption\":\"CPA Corporate Services\"},\"image\":{\"@id\":\"https:\\\/\\\/www.cpacorporateservices.com\\\/it\\\/#\\\/schema\\\/logo\\\/image\\\/\"},\"sameAs\":[\"https:\\\/\\\/www.facebook.com\\\/CPAcorporateservices\\\/\",\"https:\\\/\\\/es.linkedin.com\\\/company\\\/cpa-corporate-services\"]}]}<\/script>\n<!-- \/ Yoast SEO plugin. -->","yoast_head_json":{"title":"Responsabilit\u00e0 Sociale d\u2019Impresa - CPA Corporate Services","robots":{"index":"index","follow":"follow","max-snippet":"max-snippet:-1","max-image-preview":"max-image-preview:large","max-video-preview":"max-video-preview:-1"},"canonical":"https:\/\/www.cpacorporateservices.com\/it\/responsabilita-sociale-dimpresa\/","og_locale":"it_IT","og_type":"article","og_title":"Responsabilit\u00e0 Sociale d\u2019Impresa - CPA Corporate Services","og_url":"https:\/\/www.cpacorporateservices.com\/it\/responsabilita-sociale-dimpresa\/","og_site_name":"CPA Corporate Services","article_publisher":"https:\/\/www.facebook.com\/CPAcorporateservices\/","article_modified_time":"2026-04-14T10:30:07+00:00","og_image":[{"width":1920,"height":1280,"url":"https:\/\/www.cpacorporateservices.com\/wp-content\/uploads\/2023\/12\/CSR.jpg","type":"image\/jpeg"}],"twitter_card":"summary_large_image","twitter_misc":{"Tempo di lettura stimato":"2 minuti"},"schema":{"@context":"https:\/\/schema.org","@graph":[{"@type":"WebPage","@id":"https:\/\/www.cpacorporateservices.com\/it\/responsabilita-sociale-dimpresa\/","url":"https:\/\/www.cpacorporateservices.com\/it\/responsabilita-sociale-dimpresa\/","name":"Responsabilit\u00e0 Sociale d\u2019Impresa - CPA Corporate Services","isPartOf":{"@id":"https:\/\/www.cpacorporateservices.com\/it\/#website"},"primaryImageOfPage":{"@id":"https:\/\/www.cpacorporateservices.com\/it\/responsabilita-sociale-dimpresa\/#primaryimage"},"image":{"@id":"https:\/\/www.cpacorporateservices.com\/it\/responsabilita-sociale-dimpresa\/#primaryimage"},"thumbnailUrl":"https:\/\/www.cpacorporateservices.com\/wp-content\/uploads\/2023\/12\/CSR.jpg","datePublished":"2023-12-21T17:27:43+00:00","dateModified":"2026-04-14T10:30:07+00:00","breadcrumb":{"@id":"https:\/\/www.cpacorporateservices.com\/it\/responsabilita-sociale-dimpresa\/#breadcrumb"},"inLanguage":"it-IT","potentialAction":[{"@type":"ReadAction","target":["https:\/\/www.cpacorporateservices.com\/it\/responsabilita-sociale-dimpresa\/"]}]},{"@type":"ImageObject","inLanguage":"it-IT","@id":"https:\/\/www.cpacorporateservices.com\/it\/responsabilita-sociale-dimpresa\/#primaryimage","url":"https:\/\/www.cpacorporateservices.com\/wp-content\/uploads\/2023\/12\/CSR.jpg","contentUrl":"https:\/\/www.cpacorporateservices.com\/wp-content\/uploads\/2023\/12\/CSR.jpg","width":1920,"height":1280},{"@type":"BreadcrumbList","@id":"https:\/\/www.cpacorporateservices.com\/it\/responsabilita-sociale-dimpresa\/#breadcrumb","itemListElement":[{"@type":"ListItem","position":1,"name":"Home","item":"https:\/\/www.cpacorporateservices.com\/it\/"},{"@type":"ListItem","position":2,"name":"Responsabilit\u00e0 Sociale d\u2019Impresa"}]},{"@type":"WebSite","@id":"https:\/\/www.cpacorporateservices.com\/it\/#website","url":"https:\/\/www.cpacorporateservices.com\/it\/","name":"CPA Corporate Services","description":"A MANAGERIAL APPROACH TO CONSULTING","publisher":{"@id":"https:\/\/www.cpacorporateservices.com\/it\/#organization"},"potentialAction":[{"@type":"SearchAction","target":{"@type":"EntryPoint","urlTemplate":"https:\/\/www.cpacorporateservices.com\/it\/?s={search_term_string}"},"query-input":{"@type":"PropertyValueSpecification","valueRequired":true,"valueName":"search_term_string"}}],"inLanguage":"it-IT"},{"@type":"Organization","@id":"https:\/\/www.cpacorporateservices.com\/it\/#organization","name":"CPA Corporate Services","url":"https:\/\/www.cpacorporateservices.com\/it\/","logo":{"@type":"ImageObject","inLanguage":"it-IT","@id":"https:\/\/www.cpacorporateservices.com\/it\/#\/schema\/logo\/image\/","url":"https:\/\/www.cpacorporateservices.com\/wp-content\/uploads\/2018\/11\/logo-cpa-web.png","contentUrl":"https:\/\/www.cpacorporateservices.com\/wp-content\/uploads\/2018\/11\/logo-cpa-web.png","width":900,"height":533,"caption":"CPA Corporate Services"},"image":{"@id":"https:\/\/www.cpacorporateservices.com\/it\/#\/schema\/logo\/image\/"},"sameAs":["https:\/\/www.facebook.com\/CPAcorporateservices\/","https:\/\/es.linkedin.com\/company\/cpa-corporate-services"]}]}},"_links":{"self":[{"href":"https:\/\/www.cpacorporateservices.com\/it\/wp-json\/wp\/v2\/pages\/11139","targetHints":{"allow":["GET"]}}],"collection":[{"href":"https:\/\/www.cpacorporateservices.com\/it\/wp-json\/wp\/v2\/pages"}],"about":[{"href":"https:\/\/www.cpacorporateservices.com\/it\/wp-json\/wp\/v2\/types\/page"}],"author":[{"embeddable":true,"href":"https:\/\/www.cpacorporateservices.com\/it\/wp-json\/wp\/v2\/users\/4"}],"replies":[{"embeddable":true,"href":"https:\/\/www.cpacorporateservices.com\/it\/wp-json\/wp\/v2\/comments?post=11139"}],"version-history":[{"count":9,"href":"https:\/\/www.cpacorporateservices.com\/it\/wp-json\/wp\/v2\/pages\/11139\/revisions"}],"predecessor-version":[{"id":13107,"href":"https:\/\/www.cpacorporateservices.com\/it\/wp-json\/wp\/v2\/pages\/11139\/revisions\/13107"}],"wp:featuredmedia":[{"embeddable":true,"href":"https:\/\/www.cpacorporateservices.com\/it\/wp-json\/wp\/v2\/media\/11140"}],"wp:attachment":[{"href":"https:\/\/www.cpacorporateservices.com\/it\/wp-json\/wp\/v2\/media?parent=11139"}],"curies":[{"name":"wp","href":"https:\/\/api.w.org\/{rel}","templated":true}]}}