{"id":11148,"date":"2023-12-21T18:51:48","date_gmt":"2023-12-21T17:51:48","guid":{"rendered":"https:\/\/cpacorporateservices.dev.sharenow.it\/?page_id=11148"},"modified":"2026-04-14T12:30:10","modified_gmt":"2026-04-14T10:30:10","slug":"note-legali","status":"publish","type":"page","link":"https:\/\/www.cpacorporateservices.com\/it\/note-legali\/","title":{"rendered":"Note Legali"},"content":{"rendered":"\n<div class=\"et_pb_section_0 et_pb_section et_section_regular et_block_section\"><div class=\"et_pb_row_0 et_pb_row et_block_row\"><div class=\"et_pb_column_0 et_pb_column et_pb_column_4_4 et-last-child et_block_column et_pb_css_mix_blend_mode_passthrough\"><div class=\"et_pb_text_0 et_pb_text et_pb_bg_layout_light et_pb_module et_block_module\"><div class=\"et_pb_text_inner\"><p style=\"text-align: center;\"><span><span><a href=\"https:\/\/www.cpacorporateservices.com\/it\/\">Home<\/a><\/span><\/span><\/p>\n<\/div><\/div><div class=\"et_pb_text_1 et_pb_text et_pb_bg_layout_light et_pb_module et_block_module\"><div class=\"et_pb_text_inner\"><h1 style=\"text-align: center;\">Note legali<\/h1>\n<\/div><\/div><\/div><\/div><\/div><div class=\"et_pb_section_1 et_pb_section et_section_regular et_block_section\"><div class=\"et_pb_row_1 et_pb_row et_block_row\"><div class=\"et_pb_column_1 et_pb_column et_pb_column_4_4 et-last-child et_block_column et_pb_css_mix_blend_mode_passthrough\"><div class=\"et_pb_divider_0 et_pb_divider et_pb_space et_pb_divider_position_top et_animated et_pb_module\"><div class=\"et_pb_divider_internal\"><\/div><\/div><div class=\"et_pb_text_2 et_pb_text et_pb_bg_layout_light et_pb_module et_block_module\"><div class=\"et_pb_text_inner\"><p><strong>Avviso legale del sito web di CONSULTANTS AND PROFESSIONAL ACCOUNTANTS, S.L.<\/strong><\/p>\n<p>In ottemperanza alla Legge 34\/2002, dell'11 luglio, sui Servizi della Societ\u00e0 dell'Informazione e del Commercio Elettronico, si informa l'Utente che il titolare del sito web www.cpacorporateservices.com \u00e8 la societ\u00e0 CONSULTANTS AND PROFESSIONAL ACCOUNTANTS, S.L., e i suoi dati di identificazione sono i seguenti:<\/p>\n<p>Sede legale: C\/Rossell\u00f3, numero 186, 3\u00ba-5\u00aa<\/p>\n<p>CAP: 08008<\/p>\n<p>Citt\u00e0: Barcellona<\/p>\n<p>Provincia: Barcellona<\/p>\n<p>CIF: B63922843<\/p>\n<p>Email: info@cpacorporateservices.com<\/p>\n<p>Dettagli di registrazione: la societ\u00e0 \u00e8 registrata nel Registro Mercantile di Barcellona al volume 38.158, foglio 64 e numero di pagina B311873.<\/p>\n<ol>\n<li><strong> ACCESSO AL SITO WEB:<\/strong><\/li>\n<\/ol>\n<p>Il Avviso Legale regola l'accesso e l'uso degli Utenti al sito web e ha lo scopo di far conoscere i servizi e i prodotti dell'entit\u00e0 e di consentire l'accesso generale a tutti gli utenti di Internet.<\/p>\n<p>L'accesso e\/o l'uso del sito attribuisce a chi lo effettua la condizione di Utente e l'accettazione, senza riserve di alcun genere, di tutte e ciascuna delle presenti condizioni generali, cos\u00ec come di quelle particolari che, se del caso, regolano l'utilizzo del Portale o dei servizi ad esso collegati.<\/p>\n<p>L'utente deve leggere attentamente l'Avviso Legale e le Politiche sulla Privacy e sui Cookie quando intende utilizzare il Sito Web, poich\u00e9 CONSULTANTS AND PROFESSIONAL ACCOUNTANTS, S.L. si riserva il diritto di apportare, in qualsiasi momento e senza alcun preavviso, qualsiasi modifica o aggiornamento dei contenuti e dei servizi, delle presenti disposizioni di accesso e uso e, in generale, di tutti gli elementi che compongono il design e la configurazione del suo sito web. Se non si accettano le condizioni di accesso e uso, si prega di astenersi dall'utilizzare il sito web e i suoi contenuti.<\/p>\n<ol start=\"2\">\n<li><strong> UTILIZZO DEL SITO WEB:<\/strong><\/li>\n<\/ol>\n<p>L'Utente si impegna a fare un uso diligente del Sito Web, cos\u00ec come delle informazioni relative ai suoi servizi e\/o attivit\u00e0, nel pieno rispetto delle normative applicabili, nonch\u00e9 della morale e delle buone abitudini generalmente accettate e dell'ordine pubblico, delle condizioni di accesso e uso e di qualsiasi altra condizione stabilita per il sito web.<\/p>\n<p>Inoltre, si impegna a astenersi dall'utilizzare qualsiasi contenuto per scopi o effetti illeciti, vietati dal presente testo, lesivi dei diritti e interessi di terzi, o che in qualsiasi modo possano danneggiare, disabilitare, sovraccaricare, deteriorare o impedire l'uso normale dei contenuti, degli altri Utenti o di qualsiasi utente di Internet (hardware e software).<\/p>\n<ol start=\"3\">\n<li><strong> FUNZIONAMENTO DEL SITO WEB:<\/strong><\/li>\n<\/ol>\n<p>In caso di violazione delle condizioni dell'Avviso Legale o delle Politiche sulla Privacy e sui Cookie, CONSULTANTS AND PROFESSIONAL ACCOUNTANTS, S.L. si riserva il diritto di limitare, sospendere e\/o escludere l'accesso al suo Sito Web, adottando qualsiasi misura tecnica necessaria a tal fine. CONSULTANTS AND PROFESSIONAL ACCOUNTANTS, S.L. far\u00e0 il possibile per mantenere il Sito Web in buono stato di funzionamento, evitando errori o riparandoli e mantenendo i contenuti aggiornati. Tuttavia, CONSULTANTS AND PROFESSIONAL ACCOUNTANTS, S.L. non garantisce la disponibilit\u00e0 e la continuit\u00e0 dell'accesso al Sito Web n\u00e9 l'assenza di errori nei contenuti.<\/p>\n<ol start=\"4\">\n<li><strong> RESPONSABILIT\u00c0:<\/strong><\/li>\n<\/ol>\n<p>L'Utente \u00e8 l'unico responsabile dell'uso che pu\u00f2 essere fatto di qualsiasi informazione o meccanismo del Sito Web.<\/p>\n<p>CONSULTANTS AND PROFESSIONAL ACCOUNTANTS, S.L. non sar\u00e0 responsabile per eventuali danni all'hardware e\/o software dell'Utente derivanti dall'accesso e dall'uso del Sito Web. Allo stesso modo, non si responsabilizzer\u00e0 per i danni e\/o le perdite che possono derivare dall'accesso e\/o dall'uso delle informazioni del Sito Web, e in particolare quelli che possono verificarsi nei sistemi informatici o causati da virus\/attacchi informatici, cadute, interruzioni, assenza o difetto nelle comunicazioni e\/o su Internet.<\/p>\n<p>L'Utente sar\u00e0 responsabile dei danni e\/o delle perdite che CONSULTANTS AND PROFESSIONAL ACCOUNTANTS, S.L. potrebbe subire a seguito della violazione di qualsiasi obbligo a cui \u00e8 soggetto attraverso il presente Avviso Legale, le normative applicabili e la Politica sulla Privacy e sui Cookie.<\/p>\n<ol start=\"5\">\n<li><strong> POLITICA IN MATERIA DI \"LINK\" (SITO WEB CHE FA IL LINK E SITO WEB CHE RICEVE IL LINK):<\/strong><\/li>\n<li>a) Sito Web che fa il link:<\/li>\n<\/ol>\n<p>Terze parti che intendono inserire un link a questo sito web in una pagina web devono conformarsi alla legislazione vigente e non possono ospitare contenuti inappropriati, illeciti, pornografici, violenti, ecc.<\/p>\n<p>In nessun caso CONSULTANTS AND PROFESSIONAL ACCOUNTANTS, S.L. si assume la responsabilit\u00e0 dei contenuti del Sito Web, n\u00e9 promuove, garantisce, supervisiona o raccomanda i suoi contenuti.<\/p>\n<p>Se il Sito Web che fa il link viola uno degli aspetti sopra citati, sar\u00e0 obbligato a rimuovere immediatamente il link.<\/p>\n<ol>\n<li>b) Sito Web che riceve il link:<\/li>\n<\/ol>\n<p>In questo Sito Web possono essere inclusi link a pagine web di terzi che consentono all'Utente di accedervi. Tuttavia, CONSULTANTS AND PROFESSIONAL ACCOUNTANTS, S.L. non \u00e8 responsabile dei contenuti di questi siti web collegati, e sar\u00e0 responsabilit\u00e0 dell'Utente accettare e verificare l'accesso ogni volta che accede.<\/p>\n<p>Tali link o menzioni hanno uno scopo che non implica supporto, approvazione, commercializzazione o alcuna relazione tra il sito web e le persone o entit\u00e0 titolari dei luoghi in cui si trovano.<\/p>\n<ol start=\"6\">\n<li><strong> PROPRIET\u00c0 INTELLETTUALE E INDUSTRIALE DEI CONTENUTI:<\/strong><\/li>\n<\/ol>\n<p>CONSULTANTS AND PROFESSIONAL ACCOUNTANTS, S.L. o i suoi concedenti sono titolari di tutti i diritti di propriet\u00e0 intellettuale sui Contenuti del Sito Web, comprendendo come tali tutti i design, database, programmi informatici sottostanti (compreso il codice sorgente), nonch\u00e9 gli elementi diversi che compongono il Sito Web (testi, grafica, fotografie, video, colori, ecc.), struttura, ordine, ecc. Per quanto riguarda i marchi e i nomi commerciali (\"segni distintivi\"), sono di propriet\u00e0 di CONSULTANTS AND PROFESSIONAL ACCOUNTANTS, S.L. o dei suoi concedenti.<\/p>\n<p>L'uso del Sito Web da parte dell'Utente non comporta la cessione di alcun diritto di propriet\u00e0 intellettuale o industriale. \u00c8 assolutamente vietato all'Utente riprodurre, copiare, distribuire, mettere a disposizione o comunicare pubblicamente, trasformare o modificare i Contenuti o i Segni distintivi, salvo autorizzazione del titolare dei relativi diritti o se ci\u00f2 \u00e8 legalmente consentito.<\/p>\n<ol start=\"7\">\n<li><strong> PUBBLICIT\u00c0:<\/strong><\/li>\n<\/ol>\n<p>Sul sito web possono essere presenti contenuti pubblicitari o sponsorizzati. Gli inserzionisti o gli sponsor sono gli unici responsabili di assicurarsi che il materiale inviato per l'inclusione nel sito web sia conforme alle leggi applicabili in ciascun caso.<\/p>\n<p>CONSULTANTS AND PROFESSIONAL ACCOUNTANTS, S.L. non sar\u00e0 responsabile di errori, inesattezze o irregolarit\u00e0 che possono contenere i contenuti pubblicitari o degli sponsor.<\/p>\n<ol start=\"8\">\n<li><strong> LEGGE APPLICABILE:<\/strong><\/li>\n<\/ol>\n<p>L'Avviso Legale sar\u00e0 disciplinato e interpretato in conformit\u00e0 con la legislazione spagnola.<\/p>\n<p>Per la risoluzione di qualsiasi conflitto derivante dall'accesso al sito web, saranno competenti i tribunali o le corti pertinenti in conformit\u00e0 con la normativa sui consumatori e gli utenti.<\/p>\n<ol start=\"9\">\n<li><strong> CONTATTO:<\/strong><\/li>\n<\/ol>\n<p>Per qualsiasi domanda o commento sull'attuale avviso legale, \u00e8 possibile contattarci via email all'indirizzo info@cpacorporateservices.com.<\/p>\n<\/div><\/div><\/div><\/div><\/div>\n","protected":false},"excerpt":{"rendered":"","protected":false},"author":4,"featured_media":11151,"parent":0,"menu_order":0,"comment_status":"closed","ping_status":"closed","template":"","meta":{"footnotes":""},"class_list":["post-11148","page","type-page","status-publish","has-post-thumbnail","hentry"],"yoast_head":"<!-- This site is optimized with the Yoast SEO plugin v27.5 - https:\/\/yoast.com\/product\/yoast-seo-wordpress\/ -->\n<title>Note Legali - CPA Corporate Services<\/title>\n<meta name=\"robots\" content=\"index, follow, max-snippet:-1, max-image-preview:large, max-video-preview:-1\" \/>\n<link rel=\"canonical\" href=\"https:\/\/www.cpacorporateservices.com\/it\/note-legali\/\" \/>\n<meta property=\"og:locale\" content=\"it_IT\" \/>\n<meta property=\"og:type\" content=\"article\" \/>\n<meta property=\"og:title\" content=\"Note Legali - CPA Corporate Services\" \/>\n<meta property=\"og:url\" content=\"https:\/\/www.cpacorporateservices.com\/it\/note-legali\/\" \/>\n<meta property=\"og:site_name\" content=\"CPA Corporate Services\" \/>\n<meta property=\"article:publisher\" content=\"https:\/\/www.facebook.com\/CPAcorporateservices\/\" \/>\n<meta property=\"article:modified_time\" content=\"2026-04-14T10:30:10+00:00\" \/>\n<meta property=\"og:image\" content=\"https:\/\/www.cpacorporateservices.com\/wp-content\/uploads\/2023\/12\/Note-legali.jpg\" \/>\n\t<meta property=\"og:image:width\" content=\"1000\" \/>\n\t<meta property=\"og:image:height\" content=\"667\" \/>\n\t<meta property=\"og:image:type\" content=\"image\/jpeg\" \/>\n<meta name=\"twitter:card\" content=\"summary_large_image\" \/>\n<meta name=\"twitter:label1\" content=\"Tempo di lettura stimato\" \/>\n\t<meta name=\"twitter:data1\" content=\"3 minuti\" \/>\n<script type=\"application\/ld+json\" class=\"yoast-schema-graph\">{\"@context\":\"https:\\\/\\\/schema.org\",\"@graph\":[{\"@type\":\"WebPage\",\"@id\":\"https:\\\/\\\/www.cpacorporateservices.com\\\/it\\\/note-legali\\\/\",\"url\":\"https:\\\/\\\/www.cpacorporateservices.com\\\/it\\\/note-legali\\\/\",\"name\":\"Note Legali - CPA Corporate Services\",\"isPartOf\":{\"@id\":\"https:\\\/\\\/www.cpacorporateservices.com\\\/it\\\/#website\"},\"primaryImageOfPage\":{\"@id\":\"https:\\\/\\\/www.cpacorporateservices.com\\\/it\\\/note-legali\\\/#primaryimage\"},\"image\":{\"@id\":\"https:\\\/\\\/www.cpacorporateservices.com\\\/it\\\/note-legali\\\/#primaryimage\"},\"thumbnailUrl\":\"https:\\\/\\\/www.cpacorporateservices.com\\\/wp-content\\\/uploads\\\/2023\\\/12\\\/Note-legali.jpg\",\"datePublished\":\"2023-12-21T17:51:48+00:00\",\"dateModified\":\"2026-04-14T10:30:10+00:00\",\"breadcrumb\":{\"@id\":\"https:\\\/\\\/www.cpacorporateservices.com\\\/it\\\/note-legali\\\/#breadcrumb\"},\"inLanguage\":\"it-IT\",\"potentialAction\":[{\"@type\":\"ReadAction\",\"target\":[\"https:\\\/\\\/www.cpacorporateservices.com\\\/it\\\/note-legali\\\/\"]}]},{\"@type\":\"ImageObject\",\"inLanguage\":\"it-IT\",\"@id\":\"https:\\\/\\\/www.cpacorporateservices.com\\\/it\\\/note-legali\\\/#primaryimage\",\"url\":\"https:\\\/\\\/www.cpacorporateservices.com\\\/wp-content\\\/uploads\\\/2023\\\/12\\\/Note-legali.jpg\",\"contentUrl\":\"https:\\\/\\\/www.cpacorporateservices.com\\\/wp-content\\\/uploads\\\/2023\\\/12\\\/Note-legali.jpg\",\"width\":1000,\"height\":667},{\"@type\":\"BreadcrumbList\",\"@id\":\"https:\\\/\\\/www.cpacorporateservices.com\\\/it\\\/note-legali\\\/#breadcrumb\",\"itemListElement\":[{\"@type\":\"ListItem\",\"position\":1,\"name\":\"Home\",\"item\":\"https:\\\/\\\/www.cpacorporateservices.com\\\/it\\\/\"},{\"@type\":\"ListItem\",\"position\":2,\"name\":\"Note Legali\"}]},{\"@type\":\"WebSite\",\"@id\":\"https:\\\/\\\/www.cpacorporateservices.com\\\/it\\\/#website\",\"url\":\"https:\\\/\\\/www.cpacorporateservices.com\\\/it\\\/\",\"name\":\"CPA Corporate Services\",\"description\":\"A MANAGERIAL APPROACH TO CONSULTING\",\"publisher\":{\"@id\":\"https:\\\/\\\/www.cpacorporateservices.com\\\/it\\\/#organization\"},\"potentialAction\":[{\"@type\":\"SearchAction\",\"target\":{\"@type\":\"EntryPoint\",\"urlTemplate\":\"https:\\\/\\\/www.cpacorporateservices.com\\\/it\\\/?s={search_term_string}\"},\"query-input\":{\"@type\":\"PropertyValueSpecification\",\"valueRequired\":true,\"valueName\":\"search_term_string\"}}],\"inLanguage\":\"it-IT\"},{\"@type\":\"Organization\",\"@id\":\"https:\\\/\\\/www.cpacorporateservices.com\\\/it\\\/#organization\",\"name\":\"CPA Corporate Services\",\"url\":\"https:\\\/\\\/www.cpacorporateservices.com\\\/it\\\/\",\"logo\":{\"@type\":\"ImageObject\",\"inLanguage\":\"it-IT\",\"@id\":\"https:\\\/\\\/www.cpacorporateservices.com\\\/it\\\/#\\\/schema\\\/logo\\\/image\\\/\",\"url\":\"https:\\\/\\\/www.cpacorporateservices.com\\\/wp-content\\\/uploads\\\/2018\\\/11\\\/logo-cpa-web.png\",\"contentUrl\":\"https:\\\/\\\/www.cpacorporateservices.com\\\/wp-content\\\/uploads\\\/2018\\\/11\\\/logo-cpa-web.png\",\"width\":900,\"height\":533,\"caption\":\"CPA Corporate Services\"},\"image\":{\"@id\":\"https:\\\/\\\/www.cpacorporateservices.com\\\/it\\\/#\\\/schema\\\/logo\\\/image\\\/\"},\"sameAs\":[\"https:\\\/\\\/www.facebook.com\\\/CPAcorporateservices\\\/\",\"https:\\\/\\\/es.linkedin.com\\\/company\\\/cpa-corporate-services\"]}]}<\/script>\n<!-- \/ Yoast SEO plugin. -->","yoast_head_json":{"title":"Note Legali - CPA Corporate Services","robots":{"index":"index","follow":"follow","max-snippet":"max-snippet:-1","max-image-preview":"max-image-preview:large","max-video-preview":"max-video-preview:-1"},"canonical":"https:\/\/www.cpacorporateservices.com\/it\/note-legali\/","og_locale":"it_IT","og_type":"article","og_title":"Note Legali - CPA Corporate Services","og_url":"https:\/\/www.cpacorporateservices.com\/it\/note-legali\/","og_site_name":"CPA Corporate Services","article_publisher":"https:\/\/www.facebook.com\/CPAcorporateservices\/","article_modified_time":"2026-04-14T10:30:10+00:00","og_image":[{"width":1000,"height":667,"url":"https:\/\/www.cpacorporateservices.com\/wp-content\/uploads\/2023\/12\/Note-legali.jpg","type":"image\/jpeg"}],"twitter_card":"summary_large_image","twitter_misc":{"Tempo di lettura stimato":"3 minuti"},"schema":{"@context":"https:\/\/schema.org","@graph":[{"@type":"WebPage","@id":"https:\/\/www.cpacorporateservices.com\/it\/note-legali\/","url":"https:\/\/www.cpacorporateservices.com\/it\/note-legali\/","name":"Note Legali - CPA Corporate Services","isPartOf":{"@id":"https:\/\/www.cpacorporateservices.com\/it\/#website"},"primaryImageOfPage":{"@id":"https:\/\/www.cpacorporateservices.com\/it\/note-legali\/#primaryimage"},"image":{"@id":"https:\/\/www.cpacorporateservices.com\/it\/note-legali\/#primaryimage"},"thumbnailUrl":"https:\/\/www.cpacorporateservices.com\/wp-content\/uploads\/2023\/12\/Note-legali.jpg","datePublished":"2023-12-21T17:51:48+00:00","dateModified":"2026-04-14T10:30:10+00:00","breadcrumb":{"@id":"https:\/\/www.cpacorporateservices.com\/it\/note-legali\/#breadcrumb"},"inLanguage":"it-IT","potentialAction":[{"@type":"ReadAction","target":["https:\/\/www.cpacorporateservices.com\/it\/note-legali\/"]}]},{"@type":"ImageObject","inLanguage":"it-IT","@id":"https:\/\/www.cpacorporateservices.com\/it\/note-legali\/#primaryimage","url":"https:\/\/www.cpacorporateservices.com\/wp-content\/uploads\/2023\/12\/Note-legali.jpg","contentUrl":"https:\/\/www.cpacorporateservices.com\/wp-content\/uploads\/2023\/12\/Note-legali.jpg","width":1000,"height":667},{"@type":"BreadcrumbList","@id":"https:\/\/www.cpacorporateservices.com\/it\/note-legali\/#breadcrumb","itemListElement":[{"@type":"ListItem","position":1,"name":"Home","item":"https:\/\/www.cpacorporateservices.com\/it\/"},{"@type":"ListItem","position":2,"name":"Note Legali"}]},{"@type":"WebSite","@id":"https:\/\/www.cpacorporateservices.com\/it\/#website","url":"https:\/\/www.cpacorporateservices.com\/it\/","name":"CPA Corporate Services","description":"A MANAGERIAL APPROACH TO CONSULTING","publisher":{"@id":"https:\/\/www.cpacorporateservices.com\/it\/#organization"},"potentialAction":[{"@type":"SearchAction","target":{"@type":"EntryPoint","urlTemplate":"https:\/\/www.cpacorporateservices.com\/it\/?s={search_term_string}"},"query-input":{"@type":"PropertyValueSpecification","valueRequired":true,"valueName":"search_term_string"}}],"inLanguage":"it-IT"},{"@type":"Organization","@id":"https:\/\/www.cpacorporateservices.com\/it\/#organization","name":"CPA Corporate Services","url":"https:\/\/www.cpacorporateservices.com\/it\/","logo":{"@type":"ImageObject","inLanguage":"it-IT","@id":"https:\/\/www.cpacorporateservices.com\/it\/#\/schema\/logo\/image\/","url":"https:\/\/www.cpacorporateservices.com\/wp-content\/uploads\/2018\/11\/logo-cpa-web.png","contentUrl":"https:\/\/www.cpacorporateservices.com\/wp-content\/uploads\/2018\/11\/logo-cpa-web.png","width":900,"height":533,"caption":"CPA Corporate Services"},"image":{"@id":"https:\/\/www.cpacorporateservices.com\/it\/#\/schema\/logo\/image\/"},"sameAs":["https:\/\/www.facebook.com\/CPAcorporateservices\/","https:\/\/es.linkedin.com\/company\/cpa-corporate-services"]}]}},"_links":{"self":[{"href":"https:\/\/www.cpacorporateservices.com\/it\/wp-json\/wp\/v2\/pages\/11148","targetHints":{"allow":["GET"]}}],"collection":[{"href":"https:\/\/www.cpacorporateservices.com\/it\/wp-json\/wp\/v2\/pages"}],"about":[{"href":"https:\/\/www.cpacorporateservices.com\/it\/wp-json\/wp\/v2\/types\/page"}],"author":[{"embeddable":true,"href":"https:\/\/www.cpacorporateservices.com\/it\/wp-json\/wp\/v2\/users\/4"}],"replies":[{"embeddable":true,"href":"https:\/\/www.cpacorporateservices.com\/it\/wp-json\/wp\/v2\/comments?post=11148"}],"version-history":[{"count":6,"href":"https:\/\/www.cpacorporateservices.com\/it\/wp-json\/wp\/v2\/pages\/11148\/revisions"}],"predecessor-version":[{"id":13110,"href":"https:\/\/www.cpacorporateservices.com\/it\/wp-json\/wp\/v2\/pages\/11148\/revisions\/13110"}],"wp:featuredmedia":[{"embeddable":true,"href":"https:\/\/www.cpacorporateservices.com\/it\/wp-json\/wp\/v2\/media\/11151"}],"wp:attachment":[{"href":"https:\/\/www.cpacorporateservices.com\/it\/wp-json\/wp\/v2\/media?parent=11148"}],"curies":[{"name":"wp","href":"https:\/\/api.w.org\/{rel}","templated":true}]}}